{"id":1790,"date":"2025-11-07T11:14:25","date_gmt":"2025-11-07T11:14:25","guid":{"rendered":"https:\/\/www.hilaturasjesusrubio.com\/partnerships\/"},"modified":"2026-02-20T09:37:03","modified_gmt":"2026-02-20T09:37:03","slug":"partnerships","status":"publish","type":"page","link":"https:\/\/www.hilaturasjesusrubio.com\/en\/partnerships\/","title":{"rendered":"Partnerships"},"content":{"rendered":"\t\t<div data-elementor-type=\"wp-page\" data-elementor-id=\"1790\" class=\"elementor elementor-1790 elementor-180\" data-elementor-post-type=\"page\">\n\t\t\t\t<div class=\"elementor-element elementor-element-c3a56eb e-flex e-con-boxed e-con e-parent\" data-id=\"c3a56eb\" data-element_type=\"container\" data-e-type=\"container\" data-settings=\"{&quot;background_background&quot;:&quot;classic&quot;}\">\n\t\t\t\t\t<div class=\"e-con-inner\">\n\t\t<div class=\"elementor-element elementor-element-39f68412 e-flex e-con-boxed e-con e-child\" data-id=\"39f68412\" data-element_type=\"container\" data-e-type=\"container\" data-settings=\"{&quot;background_background&quot;:&quot;classic&quot;}\">\n\t\t\t\t\t<div class=\"e-con-inner\">\n\t\t\t\t<div class=\"elementor-element elementor-element-5e2c70e3 elementor-widget elementor-widget-heading\" data-id=\"5e2c70e3\" data-element_type=\"widget\" data-e-type=\"widget\" data-widget_type=\"heading.default\">\n\t\t\t\t<div class=\"elementor-widget-container\">\n\t\t\t\t\t<h1 class=\"elementor-heading-title elementor-size-default\">Partnership<\/h1>\t\t\t\t<\/div>\n\t\t\t\t<\/div>\n\t\t\t\t<div class=\"elementor-element elementor-element-208f5216 elementor-widget__width-initial elementor-widget elementor-widget-text-editor\" data-id=\"208f5216\" data-element_type=\"widget\" data-e-type=\"widget\" data-widget_type=\"text-editor.default\">\n\t\t\t\t<div class=\"elementor-widget-container\">\n\t\t\t\t\t\t\t\t\t<p>We collaborate with various projects.<\/p>\t\t\t\t\t\t\t\t<\/div>\n\t\t\t\t<\/div>\n\t\t\t\t\t<\/div>\n\t\t\t\t<\/div>\n\t\t\t\t\t<\/div>\n\t\t\t\t<\/div>\n\t\t<div class=\"elementor-element elementor-element-110c7a05 e-flex e-con-boxed e-con e-parent\" data-id=\"110c7a05\" data-element_type=\"container\" data-e-type=\"container\">\n\t\t\t\t\t<div class=\"e-con-inner\">\n\t\t<div class=\"elementor-element elementor-element-23002728 e-con-full e-flex e-con e-child\" data-id=\"23002728\" data-element_type=\"container\" data-e-type=\"container\">\n\t\t\t\t<div class=\"elementor-element elementor-element-5cd2faf8 elementor-widget elementor-widget-image\" data-id=\"5cd2faf8\" data-element_type=\"widget\" data-e-type=\"widget\" data-widget_type=\"image.default\">\n\t\t\t\t<div class=\"elementor-widget-container\">\n\t\t\t\t\t\t\t\t\t\t\t\t\t\t\t<img fetchpriority=\"high\" decoding=\"async\" width=\"300\" height=\"298\" src=\"https:\/\/www.hilaturasjesusrubio.com\/wp-content\/uploads\/2025\/11\/partnership-moda-300x298.png\" class=\"attachment-medium size-medium wp-image-1785\" alt=\"fashion-partnership\" srcset=\"https:\/\/www.hilaturasjesusrubio.com\/wp-content\/uploads\/2025\/11\/partnership-moda-300x298.png 300w, https:\/\/www.hilaturasjesusrubio.com\/wp-content\/uploads\/2025\/11\/partnership-moda-150x150.png 150w, https:\/\/www.hilaturasjesusrubio.com\/wp-content\/uploads\/2025\/11\/partnership-moda.png 468w\" sizes=\"(max-width: 300px) 100vw, 300px\" \/>\t\t\t\t\t\t\t\t\t\t\t\t\t\t\t<\/div>\n\t\t\t\t<\/div>\n\t\t\t\t<\/div>\n\t\t<div class=\"elementor-element elementor-element-60750de4 e-con-full e-flex e-con e-child\" data-id=\"60750de4\" data-element_type=\"container\" data-e-type=\"container\">\n\t\t\t\t<div class=\"elementor-element elementor-element-75c7eab0 elementor-widget elementor-widget-heading\" data-id=\"75c7eab0\" data-element_type=\"widget\" data-e-type=\"widget\" data-widget_type=\"heading.default\">\n\t\t\t\t<div class=\"elementor-widget-container\">\n\t\t\t\t\t<h2 class=\"elementor-heading-title elementor-size-default\">Fashion brands<\/h2>\t\t\t\t<\/div>\n\t\t\t\t<\/div>\n\t\t\t\t<div class=\"elementor-element elementor-element-3b465246 elementor-widget elementor-widget-text-editor\" data-id=\"3b465246\" data-element_type=\"widget\" data-e-type=\"widget\" data-widget_type=\"text-editor.default\">\n\t\t\t\t<div class=\"elementor-widget-container\">\n\t\t\t\t\t\t\t\t\t<p>Hilaturas Rubio is promoting the <strong>Re-Yut-Cel project alongside Sylvia Calvo BCN<\/strong>, transforming recycled jute sacks into a new sustainable yarn. This collaboration combines innovation and circular fashion with minimal environmental impact and 100% local production. <\/p>\t\t\t\t\t\t\t\t<\/div>\n\t\t\t\t<\/div>\n\t\t\t\t<\/div>\n\t\t\t\t\t<\/div>\n\t\t\t\t<\/div>\n\t\t<div class=\"elementor-element elementor-element-78bd64d e-flex e-con-boxed e-con e-parent\" data-id=\"78bd64d\" data-element_type=\"container\" data-e-type=\"container\">\n\t\t\t\t\t<div class=\"e-con-inner\">\n\t\t<div class=\"elementor-element elementor-element-3412593 e-con-full e-flex e-con e-child\" data-id=\"3412593\" data-element_type=\"container\" data-e-type=\"container\">\n\t\t\t\t<div class=\"elementor-element elementor-element-9de3981 elementor-widget elementor-widget-heading\" data-id=\"9de3981\" data-element_type=\"widget\" data-e-type=\"widget\" data-widget_type=\"heading.default\">\n\t\t\t\t<div class=\"elementor-widget-container\">\n\t\t\t\t\t<h2 class=\"elementor-heading-title elementor-size-default\">Technology centres<\/h2>\t\t\t\t<\/div>\n\t\t\t\t<\/div>\n\t\t\t\t<div class=\"elementor-element elementor-element-997d866 elementor-widget elementor-widget-text-editor\" data-id=\"997d866\" data-element_type=\"widget\" data-e-type=\"widget\" data-widget_type=\"text-editor.default\">\n\t\t\t\t<div class=\"elementor-widget-container\">\n\t\t\t\t\t\t\t\t\t<p>We actively participate in <strong>R&amp;D projects alongside technology centers such as AITEX and EURECAT<\/strong>, with the aim of developing new sustainable yarns for specific collections. These synergies enable progress towards a more innovative and responsible textile industry.<\/p>\t\t\t\t\t\t\t\t<\/div>\n\t\t\t\t<\/div>\n\t\t\t\t<\/div>\n\t\t<div class=\"elementor-element elementor-element-0f5edbb e-con-full e-flex e-con e-child\" data-id=\"0f5edbb\" data-element_type=\"container\" data-e-type=\"container\">\n\t\t\t\t<div class=\"elementor-element elementor-element-a6cb2fa elementor-widget elementor-widget-image\" data-id=\"a6cb2fa\" data-element_type=\"widget\" data-e-type=\"widget\" data-widget_type=\"image.default\">\n\t\t\t\t<div class=\"elementor-widget-container\">\n\t\t\t\t\t\t\t\t\t\t\t\t\t\t\t<img decoding=\"async\" width=\"300\" height=\"298\" src=\"https:\/\/www.hilaturasjesusrubio.com\/wp-content\/uploads\/2025\/11\/partnership-tecnologico-300x298.png\" class=\"attachment-medium size-medium wp-image-1786\" alt=\"technological-partnership\" srcset=\"https:\/\/www.hilaturasjesusrubio.com\/wp-content\/uploads\/2025\/11\/partnership-tecnologico-300x298.png 300w, https:\/\/www.hilaturasjesusrubio.com\/wp-content\/uploads\/2025\/11\/partnership-tecnologico-150x150.png 150w, https:\/\/www.hilaturasjesusrubio.com\/wp-content\/uploads\/2025\/11\/partnership-tecnologico.png 468w\" sizes=\"(max-width: 300px) 100vw, 300px\" \/>\t\t\t\t\t\t\t\t\t\t\t\t\t\t\t<\/div>\n\t\t\t\t<\/div>\n\t\t\t\t<\/div>\n\t\t\t\t\t<\/div>\n\t\t\t\t<\/div>\n\t\t<div class=\"elementor-element elementor-element-ec847da e-flex e-con-boxed e-con e-parent\" data-id=\"ec847da\" data-element_type=\"container\" data-e-type=\"container\">\n\t\t\t\t\t<div class=\"e-con-inner\">\n\t\t<div class=\"elementor-element elementor-element-54ba944 e-con-full e-flex e-con e-child\" data-id=\"54ba944\" data-element_type=\"container\" data-e-type=\"container\">\n\t\t\t\t<div class=\"elementor-element elementor-element-33e1cb1 elementor-widget elementor-widget-image\" data-id=\"33e1cb1\" data-element_type=\"widget\" data-e-type=\"widget\" data-widget_type=\"image.default\">\n\t\t\t\t<div class=\"elementor-widget-container\">\n\t\t\t\t\t\t\t\t\t\t\t\t\t\t\t<img decoding=\"async\" width=\"300\" height=\"298\" src=\"https:\/\/www.hilaturasjesusrubio.com\/wp-content\/uploads\/2025\/11\/partnership-universidades-300x298.png\" class=\"attachment-medium size-medium wp-image-1787\" alt=\"partnership-universities\" srcset=\"https:\/\/www.hilaturasjesusrubio.com\/wp-content\/uploads\/2025\/11\/partnership-universidades-300x298.png 300w, https:\/\/www.hilaturasjesusrubio.com\/wp-content\/uploads\/2025\/11\/partnership-universidades-150x150.png 150w, https:\/\/www.hilaturasjesusrubio.com\/wp-content\/uploads\/2025\/11\/partnership-universidades.png 468w\" sizes=\"(max-width: 300px) 100vw, 300px\" \/>\t\t\t\t\t\t\t\t\t\t\t\t\t\t\t<\/div>\n\t\t\t\t<\/div>\n\t\t\t\t<\/div>\n\t\t<div class=\"elementor-element elementor-element-d47fc16 e-con-full e-flex e-con e-child\" data-id=\"d47fc16\" data-element_type=\"container\" data-e-type=\"container\">\n\t\t\t\t<div class=\"elementor-element elementor-element-fcd8b03 elementor-widget elementor-widget-heading\" data-id=\"fcd8b03\" data-element_type=\"widget\" data-e-type=\"widget\" data-widget_type=\"heading.default\">\n\t\t\t\t<div class=\"elementor-widget-container\">\n\t\t\t\t\t<h2 class=\"elementor-heading-title elementor-size-default\">Universities<\/h2>\t\t\t\t<\/div>\n\t\t\t\t<\/div>\n\t\t\t\t<div class=\"elementor-element elementor-element-2969980 elementor-widget elementor-widget-text-editor\" data-id=\"2969980\" data-element_type=\"widget\" data-e-type=\"widget\" data-widget_type=\"text-editor.default\">\n\t\t\t\t<div class=\"elementor-widget-container\">\n\t\t\t\t\t\t\t\t\t<p><strong>We collaborate with academic institutions such as ESDi and UPC<\/strong> to connect knowledge, research and textile practice. Juntos impulsamos la formaci\u00f3n y la experimentaci\u00f3n con nuevos materiales m\u00e1s sostenibles. <\/p>\t\t\t\t\t\t\t\t<\/div>\n\t\t\t\t<\/div>\n\t\t\t\t<\/div>\n\t\t\t\t\t<\/div>\n\t\t\t\t<\/div>\n\t\t<div class=\"elementor-element elementor-element-bb9f79c e-flex e-con-boxed e-con e-parent\" data-id=\"bb9f79c\" data-element_type=\"container\" data-e-type=\"container\">\n\t\t\t\t\t<div class=\"e-con-inner\">\n\t\t<div class=\"elementor-element elementor-element-2b64131 e-con-full e-flex e-con e-child\" data-id=\"2b64131\" data-element_type=\"container\" data-e-type=\"container\">\n\t\t\t\t<div class=\"elementor-element elementor-element-541eb6a elementor-widget elementor-widget-heading\" data-id=\"541eb6a\" data-element_type=\"widget\" data-e-type=\"widget\" data-widget_type=\"heading.default\">\n\t\t\t\t<div class=\"elementor-widget-container\">\n\t\t\t\t\t<h2 class=\"elementor-heading-title elementor-size-default\">Social organisations<\/h2>\t\t\t\t<\/div>\n\t\t\t\t<\/div>\n\t\t\t\t<div class=\"elementor-element elementor-element-874eeff elementor-widget elementor-widget-text-editor\" data-id=\"874eeff\" data-element_type=\"widget\" data-e-type=\"widget\" data-widget_type=\"text-editor.default\">\n\t\t\t\t<div class=\"elementor-widget-container\">\n\t\t\t\t\t\t\t\t\t<p>We work with organisations such as <strong>Formaci\u00f3 i Treball and Taina (Fundaci\u00f3 Privada Atendis)<\/strong> to give post-consumer textile waste a second life. A collaboration that turns the revaluation of materials into a tool for social inclusion and the circular economy. <\/p>\t\t\t\t\t\t\t\t<\/div>\n\t\t\t\t<\/div>\n\t\t\t\t<\/div>\n\t\t<div class=\"elementor-element elementor-element-2b363bf e-con-full e-flex e-con e-child\" data-id=\"2b363bf\" data-element_type=\"container\" data-e-type=\"container\">\n\t\t\t\t<div class=\"elementor-element elementor-element-bf90918 elementor-widget elementor-widget-image\" data-id=\"bf90918\" data-element_type=\"widget\" data-e-type=\"widget\" data-widget_type=\"image.default\">\n\t\t\t\t<div class=\"elementor-widget-container\">\n\t\t\t\t\t\t\t\t\t\t\t\t\t\t\t<img loading=\"lazy\" decoding=\"async\" width=\"300\" height=\"298\" src=\"https:\/\/www.hilaturasjesusrubio.com\/wp-content\/uploads\/2026\/01\/attendis-300x298.png\" class=\"attachment-medium size-medium wp-image-1788\" alt=\"\" srcset=\"https:\/\/www.hilaturasjesusrubio.com\/wp-content\/uploads\/2026\/01\/attendis-300x298.png 300w, https:\/\/www.hilaturasjesusrubio.com\/wp-content\/uploads\/2026\/01\/attendis-150x150.png 150w, https:\/\/www.hilaturasjesusrubio.com\/wp-content\/uploads\/2026\/01\/attendis.png 468w\" sizes=\"(max-width: 300px) 100vw, 300px\" \/>\t\t\t\t\t\t\t\t\t\t\t\t\t\t\t<\/div>\n\t\t\t\t<\/div>\n\t\t\t\t<\/div>\n\t\t\t\t\t<\/div>\n\t\t\t\t<\/div>\n\t\t<div class=\"elementor-element elementor-element-cf7a89a e-flex e-con-boxed e-con e-parent\" data-id=\"cf7a89a\" data-element_type=\"container\" data-e-type=\"container\">\n\t\t\t\t\t<div class=\"e-con-inner\">\n\t\t<div class=\"elementor-element elementor-element-263050d e-con-full e-flex e-con e-child\" data-id=\"263050d\" data-element_type=\"container\" data-e-type=\"container\">\n\t\t\t\t<div class=\"elementor-element elementor-element-e853140 elementor-widget elementor-widget-image\" data-id=\"e853140\" data-element_type=\"widget\" data-e-type=\"widget\" data-widget_type=\"image.default\">\n\t\t\t\t<div class=\"elementor-widget-container\">\n\t\t\t\t\t\t\t\t\t\t\t\t\t\t\t<img loading=\"lazy\" decoding=\"async\" width=\"300\" height=\"298\" src=\"https:\/\/www.hilaturasjesusrubio.com\/wp-content\/uploads\/2025\/11\/partnership-entidades-300x298.png\" class=\"attachment-medium size-medium wp-image-1789\" alt=\"partnership-entities\" srcset=\"https:\/\/www.hilaturasjesusrubio.com\/wp-content\/uploads\/2025\/11\/partnership-entidades-300x298.png 300w, https:\/\/www.hilaturasjesusrubio.com\/wp-content\/uploads\/2025\/11\/partnership-entidades-150x150.png 150w, https:\/\/www.hilaturasjesusrubio.com\/wp-content\/uploads\/2025\/11\/partnership-entidades.png 468w\" sizes=\"(max-width: 300px) 100vw, 300px\" \/>\t\t\t\t\t\t\t\t\t\t\t\t\t\t\t<\/div>\n\t\t\t\t<\/div>\n\t\t\t\t<\/div>\n\t\t<div class=\"elementor-element elementor-element-a4ac18d e-con-full e-flex e-con e-child\" data-id=\"a4ac18d\" data-element_type=\"container\" data-e-type=\"container\">\n\t\t\t\t<div class=\"elementor-element elementor-element-cf9d0b0 elementor-widget elementor-widget-heading\" data-id=\"cf9d0b0\" data-element_type=\"widget\" data-e-type=\"widget\" data-widget_type=\"heading.default\">\n\t\t\t\t<div class=\"elementor-widget-container\">\n\t\t\t\t\t<h2 class=\"elementor-heading-title elementor-size-default\">Organisations<\/h2>\t\t\t\t<\/div>\n\t\t\t\t<\/div>\n\t\t\t\t<div class=\"elementor-element elementor-element-a6a6c39 elementor-widget elementor-widget-text-editor\" data-id=\"a6a6c39\" data-element_type=\"widget\" data-e-type=\"widget\" data-widget_type=\"text-editor.default\">\n\t\t\t\t<div class=\"elementor-widget-container\">\n\t\t\t\t\t\t\t\t\t<p>Hilaturas Rubio collaborates with the <strong>Ripoll\u00e8s Shepherds&#8217; Association<\/strong> to create a local yarn from Ripoll\u00e8s wool. Un proyecto que refuerza nuestro compromiso con los recursos locales y el desarrollo de productos naturales, desde el origen hasta el dise\u00f1o final.<\/p>\t\t\t\t\t\t\t\t<\/div>\n\t\t\t\t<\/div>\n\t\t\t\t<\/div>\n\t\t\t\t\t<\/div>\n\t\t\t\t<\/div>\n\t\t\t\t<\/div>\n\t\t","protected":false},"excerpt":{"rendered":"<p>Partnership We collaborate with various projects. Fashion brands Hilaturas Rubio is promoting the Re-Yut-Cel project alongside Sylvia Calvo BCN, transforming [&hellip;]<\/p>\n","protected":false},"author":1,"featured_media":0,"parent":0,"menu_order":0,"comment_status":"closed","ping_status":"closed","template":"","meta":{"site-sidebar-layout":"no-sidebar","site-content-layout":"","ast-site-content-layout":"full-width-container","site-content-style":"default","site-sidebar-style":"default","ast-global-header-display":"","ast-banner-title-visibility":"","ast-main-header-display":"","ast-hfb-above-header-display":"","ast-hfb-below-header-display":"","ast-hfb-mobile-header-display":"","site-post-title":"","ast-breadcrumbs-content":"","ast-featured-img":"disabled","footer-sml-layout":"","ast-disable-related-posts":"","theme-transparent-header-meta":"","adv-header-id-meta":"","stick-header-meta":"","header-above-stick-meta":"","header-main-stick-meta":"","header-below-stick-meta":"","astra-migrate-meta-layouts":"default","ast-page-background-enabled":"default","ast-page-background-meta":{"desktop":{"background-color":"var(--ast-global-color-5)","background-image":"","background-repeat":"repeat","background-position":"center center","background-size":"auto","background-attachment":"scroll","background-type":"","background-media":"","overlay-type":"","overlay-color":"","overlay-opacity":"","overlay-gradient":""},"tablet":{"background-color":"","background-image":"","background-repeat":"repeat","background-position":"center center","background-size":"auto","background-attachment":"scroll","background-type":"","background-media":"","overlay-type":"","overlay-color":"","overlay-opacity":"","overlay-gradient":""},"mobile":{"background-color":"","background-image":"","background-repeat":"repeat","background-position":"center center","background-size":"auto","background-attachment":"scroll","background-type":"","background-media":"","overlay-type":"","overlay-color":"","overlay-opacity":"","overlay-gradient":""}},"ast-content-background-meta":{"desktop":{"background-color":"var(--ast-global-color-4)","background-image":"","background-repeat":"repeat","background-position":"center center","background-size":"auto","background-attachment":"scroll","background-type":"","background-media":"","overlay-type":"","overlay-color":"","overlay-opacity":"","overlay-gradient":""},"tablet":{"background-color":"var(--ast-global-color-4)","background-image":"","background-repeat":"repeat","background-position":"center center","background-size":"auto","background-attachment":"scroll","background-type":"","background-media":"","overlay-type":"","overlay-color":"","overlay-opacity":"","overlay-gradient":""},"mobile":{"background-color":"var(--ast-global-color-4)","background-image":"","background-repeat":"repeat","background-position":"center center","background-size":"auto","background-attachment":"scroll","background-type":"","background-media":"","overlay-type":"","overlay-color":"","overlay-opacity":"","overlay-gradient":""}},"footnotes":""},"class_list":["post-1790","page","type-page","status-publish","hentry"],"_links":{"self":[{"href":"https:\/\/www.hilaturasjesusrubio.com\/en\/wp-json\/wp\/v2\/pages\/1790","targetHints":{"allow":["GET"]}}],"collection":[{"href":"https:\/\/www.hilaturasjesusrubio.com\/en\/wp-json\/wp\/v2\/pages"}],"about":[{"href":"https:\/\/www.hilaturasjesusrubio.com\/en\/wp-json\/wp\/v2\/types\/page"}],"author":[{"embeddable":true,"href":"https:\/\/www.hilaturasjesusrubio.com\/en\/wp-json\/wp\/v2\/users\/1"}],"replies":[{"embeddable":true,"href":"https:\/\/www.hilaturasjesusrubio.com\/en\/wp-json\/wp\/v2\/comments?post=1790"}],"version-history":[{"count":0,"href":"https:\/\/www.hilaturasjesusrubio.com\/en\/wp-json\/wp\/v2\/pages\/1790\/revisions"}],"wp:attachment":[{"href":"https:\/\/www.hilaturasjesusrubio.com\/en\/wp-json\/wp\/v2\/media?parent=1790"}],"curies":[{"name":"wp","href":"https:\/\/api.w.org\/{rel}","templated":true}]}}