{"id":2049,"date":"2025-12-23T08:16:02","date_gmt":"2025-12-23T08:16:02","guid":{"rendered":"https:\/\/www.hilaturasjesusrubio.com\/fils-fantasia\/"},"modified":"2026-02-20T12:09:51","modified_gmt":"2026-02-20T12:09:51","slug":"fils-fantasia","status":"publish","type":"page","link":"https:\/\/www.hilaturasjesusrubio.com\/ca\/fils-fantasia\/","title":{"rendered":"Fils fantasia"},"content":{"rendered":"\t\t<div data-elementor-type=\"wp-page\" data-elementor-id=\"2049\" class=\"elementor elementor-2049 elementor-1284\" data-elementor-post-type=\"page\">\n\t\t\t\t<div class=\"elementor-element elementor-element-2131bf7f e-flex e-con-boxed e-con e-parent\" data-id=\"2131bf7f\" data-element_type=\"container\" data-e-type=\"container\" data-settings=\"{&quot;background_background&quot;:&quot;classic&quot;}\">\n\t\t\t\t\t<div class=\"e-con-inner\">\n\t\t<div class=\"elementor-element elementor-element-20c60de8 e-flex e-con-boxed e-con e-child\" data-id=\"20c60de8\" data-element_type=\"container\" data-e-type=\"container\" data-settings=\"{&quot;background_background&quot;:&quot;classic&quot;}\">\n\t\t\t\t\t<div class=\"e-con-inner\">\n\t\t\t\t<div class=\"elementor-element elementor-element-1df118b0 elementor-widget elementor-widget-heading\" data-id=\"1df118b0\" data-element_type=\"widget\" data-e-type=\"widget\" data-widget_type=\"heading.default\">\n\t\t\t\t<div class=\"elementor-widget-container\">\n\t\t\t\t\t<h1 class=\"elementor-heading-title elementor-size-default\">Fils fantasia<\/h1>\t\t\t\t<\/div>\n\t\t\t\t<\/div>\n\t\t\t\t<div class=\"elementor-element elementor-element-3fbc39a5 elementor-widget elementor-widget-text-editor\" data-id=\"3fbc39a5\" data-element_type=\"widget\" data-e-type=\"widget\" data-widget_type=\"text-editor.default\">\n\t\t\t\t<div class=\"elementor-widget-container\">\n\t\t\t\t\t\t\t\t\t<p>Textures, efectes i creativitat aplicada a la filatura.<\/p>\t\t\t\t\t\t\t\t<\/div>\n\t\t\t\t<\/div>\n\t\t\t\t\t<\/div>\n\t\t\t\t<\/div>\n\t\t\t\t\t<\/div>\n\t\t\t\t<\/div>\n\t\t<div class=\"elementor-element elementor-element-8f470c0 e-flex e-con-boxed e-con e-parent\" data-id=\"8f470c0\" data-element_type=\"container\" data-e-type=\"container\" data-settings=\"{&quot;background_background&quot;:&quot;classic&quot;}\">\n\t\t\t\t\t<div class=\"e-con-inner\">\n\t\t<div class=\"elementor-element elementor-element-e2792d6 e-con-full e-flex e-con e-child\" data-id=\"e2792d6\" data-element_type=\"container\" data-e-type=\"container\" data-settings=\"{&quot;background_background&quot;:&quot;classic&quot;}\">\n\t\t\t\t<div class=\"elementor-element elementor-element-4e9226b0 elementor-widget__width-initial elementor-widget-mobile__width-auto elementor-widget elementor-widget-text-editor\" data-id=\"4e9226b0\" data-element_type=\"widget\" data-e-type=\"widget\" data-widget_type=\"text-editor.default\">\n\t\t\t\t<div class=\"elementor-widget-container\">\n\t\t\t\t\t\t\t\t\t<p><strong>Els fils de fantasia s&#8217;obtenen combinant diferents fibres, colors, gruixos i tipus de torsi\u00f3<\/strong>. El resultat \u00e9s una gamma de filats amb car\u00e0cter i personalitat, dissenyats per generar impacte visual i valor est\u00e8tic en teixits de punt o plana. <\/p>\t\t\t\t\t\t\t\t<\/div>\n\t\t\t\t<\/div>\n\t\t\t\t<\/div>\n\t\t<div class=\"elementor-element elementor-element-59723d5f e-con-full e-flex e-con e-child\" data-id=\"59723d5f\" data-element_type=\"container\" data-e-type=\"container\" data-settings=\"{&quot;background_background&quot;:&quot;classic&quot;}\">\n\t\t\t\t<div class=\"elementor-element elementor-element-6db9b93f elementor-align-center elementor-widget elementor-widget-button\" data-id=\"6db9b93f\" data-element_type=\"widget\" data-e-type=\"widget\" data-widget_type=\"button.default\">\n\t\t\t\t<div class=\"elementor-widget-container\">\n\t\t\t\t\t\t\t\t\t<div class=\"elementor-button-wrapper\">\n\t\t\t\t\t<a class=\"elementor-button elementor-button-link elementor-size-sm\" href=\"#contacto\">\n\t\t\t\t\t\t<span class=\"elementor-button-content-wrapper\">\n\t\t\t\t\t\t\t\t\t<span class=\"elementor-button-text\">CONTACTAR<\/span>\n\t\t\t\t\t<\/span>\n\t\t\t\t\t<\/a>\n\t\t\t\t<\/div>\n\t\t\t\t\t\t\t\t<\/div>\n\t\t\t\t<\/div>\n\t\t\t\t<\/div>\n\t\t\t\t\t<\/div>\n\t\t\t\t<\/div>\n\t\t<div class=\"elementor-element elementor-element-54bdc49c e-flex e-con-boxed e-con e-parent\" data-id=\"54bdc49c\" data-element_type=\"container\" data-e-type=\"container\">\n\t\t\t\t\t<div class=\"e-con-inner\">\n\t\t<div class=\"elementor-element elementor-element-2054f80a e-con-full e-flex e-con e-child\" data-id=\"2054f80a\" data-element_type=\"container\" data-e-type=\"container\">\n\t\t\t\t<div class=\"elementor-element elementor-element-182cf217 elementor-widget elementor-widget-heading\" data-id=\"182cf217\" data-element_type=\"widget\" data-e-type=\"widget\" data-widget_type=\"heading.default\">\n\t\t\t\t<div class=\"elementor-widget-container\">\n\t\t\t\t\t<h2 class=\"elementor-heading-title elementor-size-default\">Fils amb car\u00e0cter i personalitat<\/h2>\t\t\t\t<\/div>\n\t\t\t\t<\/div>\n\t\t\t\t<div class=\"elementor-element elementor-element-2961ea69 elementor-widget elementor-widget-text-editor\" data-id=\"2961ea69\" data-element_type=\"widget\" data-e-type=\"widget\" data-widget_type=\"text-editor.default\">\n\t\t\t\t<div class=\"elementor-widget-container\">\n\t\t\t\t\t\t\t\t\t<p>Els nostres fils de fantasia es poden desenvolupar en:<\/p><ul><li>100% llana o regenerats<\/li><li>Con efectos flameados, neps o frises<\/li><li>A partir de fibres regenerades post i pre-consumer, reutilitzant materials per donar forma a fils amb identitat i baix impacte ambiental.<\/li><\/ul><p>Aquest tipus de fils permet crear:<\/p><ul><li>Textures tridimensionals i relleus<\/li><li>Efectes boucl\u00e9, flamejat, fris\u00e9, arrissat o amb neps<\/li><li>Contrastos de brillantor o irregularitat visual<\/li><li>Transicions de color (melanges, jaspiats, matisats).<\/li><\/ul><p>S\u00f3n ideals per a col\u00b7leccions que busquen exclusivitat, innovaci\u00f3 o diferenciaci\u00f3 comercial.<\/p>\t\t\t\t\t\t\t\t<\/div>\n\t\t\t\t<\/div>\n\t\t\t\t<\/div>\n\t\t<div class=\"elementor-element elementor-element-6b11d9bc e-con-full e-flex e-con e-child\" data-id=\"6b11d9bc\" data-element_type=\"container\" data-e-type=\"container\">\n\t\t\t\t<div class=\"elementor-element elementor-element-2038626e elementor-widget elementor-widget-image\" data-id=\"2038626e\" data-element_type=\"widget\" data-e-type=\"widget\" data-widget_type=\"image.default\">\n\t\t\t\t<div class=\"elementor-widget-container\">\n\t\t\t\t\t\t\t\t\t\t\t\t\t\t\t<img fetchpriority=\"high\" decoding=\"async\" width=\"800\" height=\"800\" src=\"https:\/\/www.hilaturasjesusrubio.com\/wp-content\/uploads\/2026\/01\/hilos-fantasia.jpg\" class=\"attachment-large size-large wp-image-1966\" alt=\"\" srcset=\"https:\/\/www.hilaturasjesusrubio.com\/wp-content\/uploads\/2026\/01\/hilos-fantasia.jpg 800w, https:\/\/www.hilaturasjesusrubio.com\/wp-content\/uploads\/2026\/01\/hilos-fantasia-300x300.jpg 300w, https:\/\/www.hilaturasjesusrubio.com\/wp-content\/uploads\/2026\/01\/hilos-fantasia-150x150.jpg 150w, https:\/\/www.hilaturasjesusrubio.com\/wp-content\/uploads\/2026\/01\/hilos-fantasia-768x768.jpg 768w\" sizes=\"(max-width: 800px) 100vw, 800px\" \/>\t\t\t\t\t\t\t\t\t\t\t\t\t\t\t<\/div>\n\t\t\t\t<\/div>\n\t\t\t\t<\/div>\n\t\t\t\t\t<\/div>\n\t\t\t\t<\/div>\n\t\t<div class=\"elementor-element elementor-element-67155a14 e-flex e-con-boxed e-con e-parent\" data-id=\"67155a14\" data-element_type=\"container\" data-e-type=\"container\">\n\t\t\t\t\t<div class=\"e-con-inner\">\n\t\t<div class=\"elementor-element elementor-element-66690e5b e-con-full e-flex e-con e-child\" data-id=\"66690e5b\" data-element_type=\"container\" data-e-type=\"container\">\n\t\t\t\t<div class=\"elementor-element elementor-element-5a7d14a5 elementor-widget elementor-widget-image\" data-id=\"5a7d14a5\" data-element_type=\"widget\" data-e-type=\"widget\" data-widget_type=\"image.default\">\n\t\t\t\t<div class=\"elementor-widget-container\">\n\t\t\t\t\t\t\t\t\t\t\t\t\t\t\t<img decoding=\"async\" width=\"800\" height=\"800\" src=\"https:\/\/www.hilaturasjesusrubio.com\/wp-content\/uploads\/2026\/01\/hilos-fantasia2.jpg\" class=\"attachment-large size-large wp-image-1967\" alt=\"hilos-fantasia2\" srcset=\"https:\/\/www.hilaturasjesusrubio.com\/wp-content\/uploads\/2026\/01\/hilos-fantasia2.jpg 800w, https:\/\/www.hilaturasjesusrubio.com\/wp-content\/uploads\/2026\/01\/hilos-fantasia2-300x300.jpg 300w, https:\/\/www.hilaturasjesusrubio.com\/wp-content\/uploads\/2026\/01\/hilos-fantasia2-150x150.jpg 150w, https:\/\/www.hilaturasjesusrubio.com\/wp-content\/uploads\/2026\/01\/hilos-fantasia2-768x768.jpg 768w\" sizes=\"(max-width: 800px) 100vw, 800px\" \/>\t\t\t\t\t\t\t\t\t\t\t\t\t\t\t<\/div>\n\t\t\t\t<\/div>\n\t\t\t\t<\/div>\n\t\t<div class=\"elementor-element elementor-element-101bdff1 e-con-full e-flex e-con e-child\" data-id=\"101bdff1\" data-element_type=\"container\" data-e-type=\"container\">\n\t\t\t\t<div class=\"elementor-element elementor-element-19f8b06 elementor-widget elementor-widget-heading\" data-id=\"19f8b06\" data-element_type=\"widget\" data-e-type=\"widget\" data-widget_type=\"heading.default\">\n\t\t\t\t<div class=\"elementor-widget-container\">\n\t\t\t\t\t<h2 class=\"elementor-heading-title elementor-size-default\">Aplicacions habituals<\/h2>\t\t\t\t<\/div>\n\t\t\t\t<\/div>\n\t\t\t\t<div class=\"elementor-element elementor-element-3562012e elementor-widget elementor-widget-text-editor\" data-id=\"3562012e\" data-element_type=\"widget\" data-e-type=\"widget\" data-widget_type=\"text-editor.default\">\n\t\t\t\t<div class=\"elementor-widget-container\">\n\t\t\t\t\t\t\t\t\t<ul><li> Roba d&#8217;abric per a dona i nen<\/li><li>Complements t\u00e8xtils d&#8217;alta expressivitat<\/li><li>Decoraci\u00f3 t\u00e8xtil i tapisseria creativa<\/li><li>Prendas d&#8217;autor, disseny d&#8217;edici\u00f3 limitada o experimental<\/li><\/ul><p>A m\u00e9s del seu valor visual, aquests fils permeten modular el comportament t\u00e8rmic, el volum o la caiguda del teixit, ampliant el camp creatiu de dissenyadors i t\u00e8cnics t\u00e8xtils.<\/p><p>Experimentar amb materials exigeix alguna cosa m\u00e9s que creativitat. El coneixement de les propietats f\u00edsiques de cada fibra, i la seva interacci\u00f3 amb les maquin\u00e0ries de filatura, ordit o teixit, \u00e9s fonamental per obtenir resultats consistents i viables. <\/p><p>Per aix\u00f2, cada fil de fantasia que desenvolupem s&#8217;estudia des de la seva concepci\u00f3 est\u00e8tica fins al seu comportament en producci\u00f3.<\/p>\t\t\t\t\t\t\t\t<\/div>\n\t\t\t\t<\/div>\n\t\t\t\t<\/div>\n\t\t\t\t\t<\/div>\n\t\t\t\t<\/div>\n\t\t<div class=\"elementor-element elementor-element-6b5f38e7 e-flex e-con-boxed e-con e-parent\" data-id=\"6b5f38e7\" data-element_type=\"container\" data-e-type=\"container\">\n\t\t\t\t\t<div class=\"e-con-inner\">\n\t\t<div class=\"elementor-element elementor-element-3c1b9480 e-con-full e-flex e-con e-child\" data-id=\"3c1b9480\" data-element_type=\"container\" data-e-type=\"container\">\n\t\t\t\t<div class=\"elementor-element elementor-element-acca2ec elementor-widget elementor-widget-heading\" data-id=\"acca2ec\" data-element_type=\"widget\" data-e-type=\"widget\" data-widget_type=\"heading.default\">\n\t\t\t\t<div class=\"elementor-widget-container\">\n\t\t\t\t\t<h2 class=\"elementor-heading-title elementor-size-default\">Desenvolupament personalitzat\ni suport t\u00e8cnic<\/h2>\t\t\t\t<\/div>\n\t\t\t\t<\/div>\n\t\t\t\t<div class=\"elementor-element elementor-element-14a8b528 elementor-widget elementor-widget-text-editor\" data-id=\"14a8b528\" data-element_type=\"widget\" data-e-type=\"widget\" data-widget_type=\"text-editor.default\">\n\t\t\t\t<div class=\"elementor-widget-container\">\n\t\t\t\t\t\t\t\t\t<p>Col\u00b7laborem estretament amb estudis, marques i fabricants per crear solucions a mida:<\/p><ul><li>Proposta de fils exclusius segons briefing creatiu<\/li><li>Ajustos t\u00e8cnics per assegurar compatibilitat amb maquin\u00e0ria<\/li><li>Assessorament en mescles, torsions o acabats espec\u00edfics.<\/li><\/ul><p>L&#8217;objectiu \u00e9s aconseguir productes amb alt valor afegit, tant en termes visuals com funcionals.<\/p>\t\t\t\t\t\t\t\t<\/div>\n\t\t\t\t<\/div>\n\t\t\t\t<\/div>\n\t\t<div class=\"elementor-element elementor-element-43e2720a e-con-full e-flex e-con e-child\" data-id=\"43e2720a\" data-element_type=\"container\" data-e-type=\"container\">\n\t\t\t\t<div class=\"elementor-element elementor-element-67a60eee elementor-widget elementor-widget-image\" data-id=\"67a60eee\" data-element_type=\"widget\" data-e-type=\"widget\" data-widget_type=\"image.default\">\n\t\t\t\t<div class=\"elementor-widget-container\">\n\t\t\t\t\t\t\t\t\t\t\t\t\t\t\t<img decoding=\"async\" width=\"800\" height=\"800\" src=\"https:\/\/www.hilaturasjesusrubio.com\/wp-content\/uploads\/2026\/01\/hilos-fantasia3.jpg\" class=\"attachment-large size-large wp-image-1968\" alt=\"hilos-fantasia3\" srcset=\"https:\/\/www.hilaturasjesusrubio.com\/wp-content\/uploads\/2026\/01\/hilos-fantasia3.jpg 800w, https:\/\/www.hilaturasjesusrubio.com\/wp-content\/uploads\/2026\/01\/hilos-fantasia3-300x300.jpg 300w, https:\/\/www.hilaturasjesusrubio.com\/wp-content\/uploads\/2026\/01\/hilos-fantasia3-150x150.jpg 150w, https:\/\/www.hilaturasjesusrubio.com\/wp-content\/uploads\/2026\/01\/hilos-fantasia3-768x768.jpg 768w\" sizes=\"(max-width: 800px) 100vw, 800px\" \/>\t\t\t\t\t\t\t\t\t\t\t\t\t\t\t<\/div>\n\t\t\t\t<\/div>\n\t\t\t\t<\/div>\n\t\t\t\t\t<\/div>\n\t\t\t\t<\/div>\n\t\t<div class=\"elementor-element elementor-element-21b39189 contacto e-flex e-con-boxed e-con e-parent\" data-id=\"21b39189\" data-element_type=\"container\" data-e-type=\"container\" id=\"contacto\" data-settings=\"{&quot;background_background&quot;:&quot;classic&quot;}\">\n\t\t\t\t\t<div class=\"e-con-inner\">\n\t\t<div class=\"elementor-element elementor-element-ab3a811 e-con-full e-flex e-con e-child\" data-id=\"ab3a811\" data-element_type=\"container\" data-e-type=\"container\">\n\t\t<div class=\"elementor-element elementor-element-ea514b9 e-con-full e-flex e-con e-child\" data-id=\"ea514b9\" data-element_type=\"container\" data-e-type=\"container\">\n\t\t\t\t<div class=\"elementor-element elementor-element-6367a08a elementor-widget elementor-widget-heading\" data-id=\"6367a08a\" data-element_type=\"widget\" data-e-type=\"widget\" data-widget_type=\"heading.default\">\n\t\t\t\t<div class=\"elementor-widget-container\">\n\t\t\t\t\t<h2 class=\"elementor-heading-title elementor-size-default\">Sol\u00b7licita m\u00e9s informaci\u00f3<\/h2>\t\t\t\t<\/div>\n\t\t\t\t<\/div>\n\t\t\t\t<div class=\"elementor-element elementor-element-53e8407f elementor-widget elementor-widget-text-editor\" data-id=\"53e8407f\" data-element_type=\"widget\" data-e-type=\"widget\" data-widget_type=\"text-editor.default\">\n\t\t\t\t<div class=\"elementor-widget-container\">\n\t\t\t\t\t\t\t\t\t<p>Si vols posar-te en contacte amb nosaltres, envia&#8217;ns un formulari i estarem encantats d&#8217;atendre&#8217;t.<\/p>\t\t\t\t\t\t\t\t<\/div>\n\t\t\t\t<\/div>\n\t\t\t\t<\/div>\n\t\t<div class=\"elementor-element elementor-element-3ea68108 e-con-full e-flex e-con e-child\" data-id=\"3ea68108\" data-element_type=\"container\" data-e-type=\"container\">\n\t\t\t\t<div class=\"elementor-element elementor-element-3813bee3 elementor-button-align-start elementor-widget__width-initial elementor-widget elementor-widget-form\" data-id=\"3813bee3\" data-element_type=\"widget\" data-e-type=\"widget\" data-settings=\"{&quot;step_next_label&quot;:&quot;Seg\\u00fcent&quot;,&quot;step_previous_label&quot;:&quot;Anterior&quot;,&quot;button_width&quot;:&quot;100&quot;,&quot;step_type&quot;:&quot;number_text&quot;,&quot;step_icon_shape&quot;:&quot;circle&quot;}\" data-widget_type=\"form.default\">\n\t\t\t\t<div class=\"elementor-widget-container\">\n\t\t\t\t\t\t\t<form class=\"elementor-form\" method=\"post\" name=\"Formulario_hilos_fantasia\" aria-label=\"Formulario_hilos_fantasia\">\n\t\t\t<input type=\"hidden\" name=\"post_id\" value=\"2049\"\/>\n\t\t\t<input type=\"hidden\" name=\"form_id\" value=\"3813bee3\"\/>\n\t\t\t<input type=\"hidden\" name=\"referer_title\" value=\"\" \/>\n\n\t\t\t\n\t\t\t<div class=\"elementor-form-fields-wrapper elementor-labels-\">\n\t\t\t\t\t\t\t\t<div class=\"elementor-field-type-text elementor-field-group elementor-column elementor-field-group-nombre elementor-col-100 elementor-field-required\">\n\t\t\t\t\t\t\t\t\t\t\t\t<label for=\"form-field-nombre\" class=\"elementor-field-label elementor-screen-only\">\n\t\t\t\t\t\t\t\tNom\t\t\t\t\t\t\t<\/label>\n\t\t\t\t\t\t\t\t\t\t\t\t\t\t<input size=\"1\" type=\"text\" name=\"form_fields[nombre]\" id=\"form-field-nombre\" class=\"elementor-field elementor-size-sm  elementor-field-textual\" placeholder=\"Nom\" required=\"required\">\n\t\t\t\t\t\t\t\t\t\t\t<\/div>\n\t\t\t\t\t\t\t\t<div class=\"elementor-field-type-text elementor-field-group elementor-column elementor-field-group-Empresa elementor-col-100 elementor-field-required\">\n\t\t\t\t\t\t\t\t\t\t\t\t<label for=\"form-field-Empresa\" class=\"elementor-field-label elementor-screen-only\">\n\t\t\t\t\t\t\t\tEmpresa\t\t\t\t\t\t\t<\/label>\n\t\t\t\t\t\t\t\t\t\t\t\t\t\t<input size=\"1\" type=\"text\" name=\"form_fields[Empresa]\" id=\"form-field-Empresa\" class=\"elementor-field elementor-size-sm  elementor-field-textual\" placeholder=\"Empresa\" required=\"required\">\n\t\t\t\t\t\t\t\t\t\t\t<\/div>\n\t\t\t\t\t\t\t\t<div class=\"elementor-field-type-email elementor-field-group elementor-column elementor-field-group-email elementor-col-100 elementor-field-required\">\n\t\t\t\t\t\t\t\t\t\t\t\t<label for=\"form-field-email\" class=\"elementor-field-label elementor-screen-only\">\n\t\t\t\t\t\t\t\tCorreu electr\u00f2nic\t\t\t\t\t\t\t<\/label>\n\t\t\t\t\t\t\t\t\t\t\t\t\t\t<input size=\"1\" type=\"email\" name=\"form_fields[email]\" id=\"form-field-email\" class=\"elementor-field elementor-size-sm  elementor-field-textual\" placeholder=\"Correu electr\u00f2nic\" required=\"required\">\n\t\t\t\t\t\t\t\t\t\t\t<\/div>\n\t\t\t\t\t\t\t\t<div class=\"elementor-field-type-textarea elementor-field-group elementor-column elementor-field-group-message elementor-col-100 elementor-field-required\">\n\t\t\t\t\t\t\t\t\t\t\t\t<label for=\"form-field-message\" class=\"elementor-field-label elementor-screen-only\">\n\t\t\t\t\t\t\t\tMissatge\t\t\t\t\t\t\t<\/label>\n\t\t\t\t\t\t<textarea class=\"elementor-field-textual elementor-field  elementor-size-sm\" name=\"form_fields[message]\" id=\"form-field-message\" rows=\"7\" placeholder=\"Missatge\" required=\"required\"><\/textarea>\t\t\t\t<\/div>\n\t\t\t\t\t\t\t\t<div class=\"elementor-field-type-acceptance elementor-field-group elementor-column elementor-field-group-field_54dbd26 elementor-col-100 elementor-field-required\">\n\t\t\t\t\t\t\t\t\t\t\t\t<label for=\"form-field-field_54dbd26\" class=\"elementor-field-label elementor-screen-only\">\n\t\t\t\t\t\t\t\tAcceptaci\u00f3\t\t\t\t\t\t\t<\/label>\n\t\t\t\t\t\t\t\t<div class=\"elementor-field-subgroup\">\n\t\t\t<span class=\"elementor-field-option\">\n\t\t\t\t<input type=\"checkbox\" name=\"form_fields[field_54dbd26]\" id=\"form-field-field_54dbd26\" class=\"elementor-field elementor-size-sm  elementor-acceptance-field\" required=\"required\">\n\t\t\t\t<label for=\"form-field-field_54dbd26\">He llegit i accepto les pol\u00edtiques de privacitat<\/label>\t\t\t<\/span>\n\t\t<\/div>\n\t\t\t\t\t\t<\/div>\n\t\t\t\t\t\t\t\t<div class=\"elementor-field-group elementor-column elementor-field-type-submit elementor-col-100 e-form__buttons\">\n\t\t\t\t\t<button class=\"elementor-button elementor-size-md\" type=\"submit\">\n\t\t\t\t\t\t<span class=\"elementor-button-content-wrapper\">\n\t\t\t\t\t\t\t\t\t\t\t\t\t\t\t\t\t\t\t\t\t\t<span class=\"elementor-button-text\">Enviar<\/span>\n\t\t\t\t\t\t\t\t\t\t\t\t\t<\/span>\n\t\t\t\t\t<\/button>\n\t\t\t\t<\/div>\n\t\t\t<\/div>\n\t\t<\/form>\n\t\t\t\t\t\t<\/div>\n\t\t\t\t<\/div>\n\t\t\t\t<div class=\"elementor-element elementor-element-3d14f24f elementor-widget elementor-widget-text-editor\" data-id=\"3d14f24f\" data-element_type=\"widget\" data-e-type=\"widget\" data-widget_type=\"text-editor.default\">\n\t\t\t\t<div class=\"elementor-widget-container\">\n\t\t\t\t\t\t\t\t\t<p>El responsable del tractament \u00e9s Hilaturas Jes\u00fas Rubio SA. La finalitat \u00e9s l&#8217;enviament de newsletters a l&#8217;interessat. En les condicions legals, t\u00e9 dret a accedir, rectificar i suprimir les dades, a la limitaci\u00f3 del seu tractament, a oposar-se al mateix i a la seva portabilitat. Podeu consultar la informaci\u00f3 addicional i detallada sobre Protecci\u00f3 de Dades en aquest <a href=\"https:\/\/www.hilaturasjesusrubio.com\/ca\/politiques-de-privacitat\/\" target=\"_blank\" rel=\"noopener noreferrer\">link<\/a>.   <\/p>\t\t\t\t\t\t\t\t<\/div>\n\t\t\t\t<\/div>\n\t\t\t\t<\/div>\n\t\t\t\t<\/div>\n\t\t\t\t\t<\/div>\n\t\t\t\t<\/div>\n\t\t\t\t<\/div>\n\t\t","protected":false},"excerpt":{"rendered":"<p>Fils fantasia Textures, efectes i creativitat aplicada a la filatura. Els fils de fantasia s&#8217;obtenen combinant diferents fibres, colors, gruixos [&hellip;]<\/p>\n","protected":false},"author":1,"featured_media":0,"parent":0,"menu_order":0,"comment_status":"closed","ping_status":"closed","template":"elementor_header_footer","meta":{"site-sidebar-layout":"no-sidebar","site-content-layout":"","ast-site-content-layout":"full-width-container","site-content-style":"default","site-sidebar-style":"default","ast-global-header-display":"","ast-banner-title-visibility":"","ast-main-header-display":"","ast-hfb-above-header-display":"","ast-hfb-below-header-display":"","ast-hfb-mobile-header-display":"","site-post-title":"","ast-breadcrumbs-content":"","ast-featured-img":"disabled","footer-sml-layout":"","ast-disable-related-posts":"","theme-transparent-header-meta":"","adv-header-id-meta":"","stick-header-meta":"","header-above-stick-meta":"","header-main-stick-meta":"","header-below-stick-meta":"","astra-migrate-meta-layouts":"default","ast-page-background-enabled":"default","ast-page-background-meta":{"desktop":{"background-color":"var(--ast-global-color-5)","background-image":"","background-repeat":"repeat","background-position":"center center","background-size":"auto","background-attachment":"scroll","background-type":"","background-media":"","overlay-type":"","overlay-color":"","overlay-opacity":"","overlay-gradient":""},"tablet":{"background-color":"","background-image":"","background-repeat":"repeat","background-position":"center center","background-size":"auto","background-attachment":"scroll","background-type":"","background-media":"","overlay-type":"","overlay-color":"","overlay-opacity":"","overlay-gradient":""},"mobile":{"background-color":"","background-image":"","background-repeat":"repeat","background-position":"center center","background-size":"auto","background-attachment":"scroll","background-type":"","background-media":"","overlay-type":"","overlay-color":"","overlay-opacity":"","overlay-gradient":""}},"ast-content-background-meta":{"desktop":{"background-color":"var(--ast-global-color-4)","background-image":"","background-repeat":"repeat","background-position":"center center","background-size":"auto","background-attachment":"scroll","background-type":"","background-media":"","overlay-type":"","overlay-color":"","overlay-opacity":"","overlay-gradient":""},"tablet":{"background-color":"var(--ast-global-color-4)","background-image":"","background-repeat":"repeat","background-position":"center center","background-size":"auto","background-attachment":"scroll","background-type":"","background-media":"","overlay-type":"","overlay-color":"","overlay-opacity":"","overlay-gradient":""},"mobile":{"background-color":"var(--ast-global-color-4)","background-image":"","background-repeat":"repeat","background-position":"center center","background-size":"auto","background-attachment":"scroll","background-type":"","background-media":"","overlay-type":"","overlay-color":"","overlay-opacity":"","overlay-gradient":""}},"footnotes":""},"class_list":["post-2049","page","type-page","status-publish","hentry"],"_links":{"self":[{"href":"https:\/\/www.hilaturasjesusrubio.com\/ca\/wp-json\/wp\/v2\/pages\/2049","targetHints":{"allow":["GET"]}}],"collection":[{"href":"https:\/\/www.hilaturasjesusrubio.com\/ca\/wp-json\/wp\/v2\/pages"}],"about":[{"href":"https:\/\/www.hilaturasjesusrubio.com\/ca\/wp-json\/wp\/v2\/types\/page"}],"author":[{"embeddable":true,"href":"https:\/\/www.hilaturasjesusrubio.com\/ca\/wp-json\/wp\/v2\/users\/1"}],"replies":[{"embeddable":true,"href":"https:\/\/www.hilaturasjesusrubio.com\/ca\/wp-json\/wp\/v2\/comments?post=2049"}],"version-history":[{"count":0,"href":"https:\/\/www.hilaturasjesusrubio.com\/ca\/wp-json\/wp\/v2\/pages\/2049\/revisions"}],"wp:attachment":[{"href":"https:\/\/www.hilaturasjesusrubio.com\/ca\/wp-json\/wp\/v2\/media?parent=2049"}],"curies":[{"name":"wp","href":"https:\/\/api.w.org\/{rel}","templated":true}]}}