{"id":2030,"date":"2025-12-29T10:09:00","date_gmt":"2025-12-29T10:09:00","guid":{"rendered":"https:\/\/www.hilaturasjesusrubio.com\/avis-legal\/"},"modified":"2026-01-28T10:05:58","modified_gmt":"2026-01-28T10:05:58","slug":"avis-legal","status":"publish","type":"page","link":"https:\/\/www.hilaturasjesusrubio.com\/ca\/avis-legal\/","title":{"rendered":"Av\u00eds legal"},"content":{"rendered":"\t\t<div data-elementor-type=\"wp-page\" data-elementor-id=\"2030\" class=\"elementor elementor-2030 elementor-1392\" data-elementor-post-type=\"page\">\n\t\t\t\t<div class=\"elementor-element elementor-element-401dfec3 e-flex e-con-boxed e-con e-parent\" data-id=\"401dfec3\" data-element_type=\"container\" data-e-type=\"container\">\n\t\t\t\t\t<div class=\"e-con-inner\">\n\t\t\t\t<div class=\"elementor-element elementor-element-2fb75996 elementor-widget elementor-widget-heading\" data-id=\"2fb75996\" data-element_type=\"widget\" data-e-type=\"widget\" data-widget_type=\"heading.default\">\n\t\t\t\t<div class=\"elementor-widget-container\">\n\t\t\t\t\t<h1 class=\"elementor-heading-title elementor-size-default\">Av\u00eds legal<\/h1>\t\t\t\t<\/div>\n\t\t\t\t<\/div>\n\t\t\t\t<div class=\"elementor-element elementor-element-4ed57890 elementor-widget elementor-widget-text-editor\" data-id=\"4ed57890\" data-element_type=\"widget\" data-e-type=\"widget\" data-widget_type=\"text-editor.default\">\n\t\t\t\t<div class=\"elementor-widget-container\">\n\t\t\t\t\t\t\t\t\t<p>En compliment del que disposa la normativa vigent, s&#8217;informa els usuaris de les seg\u00fcents dades identificatives del titular d&#8217;aquest lloc web:<\/p>\t\t\t\t\t\t\t\t<\/div>\n\t\t\t\t<\/div>\n\t\t\t\t<div class=\"elementor-element elementor-element-3ebdc690 elementor-widget elementor-widget-text-editor\" data-id=\"3ebdc690\" data-element_type=\"widget\" data-e-type=\"widget\" data-widget_type=\"text-editor.default\">\n\t\t\t\t<div class=\"elementor-widget-container\">\n\t\t\t\t\t\t\t\t\t<p><strong data-start=\"411\" data-end=\"423\">Titular:<\/strong> Jes\u00fas Rubio S.L.<br data-start=\"440\" data-end=\"443\"><strong data-start=\"443\" data-end=\"464\">Nom comercial:<\/strong> Hilaturas Jes\u00fas Rubio<br data-start=\"486\" data-end=\"489\"><strong data-start=\"489\" data-end=\"497\">CIF:<\/strong> B08718264<br data-start=\"507\" data-end=\"510\"><strong data-start=\"510\" data-end=\"526\">Domini web:<\/strong> <a class=\"decorated-link\" href=\"https:\/\/hilaturasjesusrubio.com\" target=\"_new\" rel=\"noopener\" data-start=\"527\" data-end=\"558\">https:\/\/hilaturasjesusrubio.com<\/a><br data-start=\"558\" data-end=\"561\"><strong data-start=\"561\" data-end=\"596\">Correu electr\u00f2nic de contacte:<\/strong> <a class=\"decorated-link cursor-pointer\" rel=\"noopener\" data-start=\"597\" data-end=\"625\">info@hilaturasjesusrubio.com<\/a><\/p>\t\t\t\t\t\t\t\t<\/div>\n\t\t\t\t<\/div>\n\t\t\t\t<div class=\"elementor-element elementor-element-2c2c20bd elementor-widget elementor-widget-heading\" data-id=\"2c2c20bd\" data-element_type=\"widget\" data-e-type=\"widget\" data-widget_type=\"heading.default\">\n\t\t\t\t<div class=\"elementor-widget-container\">\n\t\t\t\t\t<h2 class=\"elementor-heading-title elementor-size-default\">Condicions d'\u00fas<\/h2>\t\t\t\t<\/div>\n\t\t\t\t<\/div>\n\t\t\t\t<div class=\"elementor-element elementor-element-32c2fbf2 elementor-widget elementor-widget-text-editor\" data-id=\"32c2fbf2\" data-element_type=\"widget\" data-e-type=\"widget\" data-widget_type=\"text-editor.default\">\n\t\t\t\t<div class=\"elementor-widget-container\">\n\t\t\t\t\t\t\t\t\t<p data-start=\"657\" data-end=\"868\">Aquesta p\u00e0gina web t\u00e9 una finalitat <strong data-start=\"700\" data-end=\"725\">merament informativa<\/strong>. L&#8217;acc\u00e9s i \u00fas d&#8217;aquest lloc web atribueix la condici\u00f3 d&#8217;usuari i implica l&#8217;acceptaci\u00f3 plena i sense reserves de les presents condicions. <\/p><p data-start=\"870\" data-end=\"1028\">L&#8217;usuari es compromet a fer un \u00fas adequat del lloc web i dels seus continguts, de conformitat amb la legislaci\u00f3 vigent, la bona fe i l&#8217;ordre p\u00fablic.<\/p>\t\t\t\t\t\t\t\t<\/div>\n\t\t\t\t<\/div>\n\t\t\t\t<div class=\"elementor-element elementor-element-6b2d86b elementor-widget elementor-widget-heading\" data-id=\"6b2d86b\" data-element_type=\"widget\" data-e-type=\"widget\" data-widget_type=\"heading.default\">\n\t\t\t\t<div class=\"elementor-widget-container\">\n\t\t\t\t\t<h2 class=\"elementor-heading-title elementor-size-default\">Propietat intel\u00b7lectual i industrial<\/h2>\t\t\t\t<\/div>\n\t\t\t\t<\/div>\n\t\t\t\t<div class=\"elementor-element elementor-element-7007f974 elementor-widget elementor-widget-text-editor\" data-id=\"7007f974\" data-element_type=\"widget\" data-e-type=\"widget\" data-widget_type=\"text-editor.default\">\n\t\t\t\t<div class=\"elementor-widget-container\">\n\t\t\t\t\t\t\t\t\t<p data-start=\"1074\" data-end=\"1413\">Tots els continguts del lloc web, incloent-hi a t\u00edtol enunciatiu i no limitatiu textos, imatges, logotips, arxius, disseny gr\u00e0fic, estructura i codi font, s\u00f3n propietat de <strong data-start=\"1258\" data-end=\"1278\">Jes\u00fas Rubio S.L.<\/strong> o de tercers que n&#8217;han autoritzat l&#8217;\u00fas, i estan protegits per la normativa vigent en mat\u00e8ria de propietat intel\u00b7lectual i industrial.<\/p><p data-start=\"1415\" data-end=\"1673\">Queda expressament prohibida la reproducci\u00f3, distribuci\u00f3, comunicaci\u00f3 p\u00fablica, transformaci\u00f3 o qualsevol altra forma d&#8217;explotaci\u00f3, total o parcial, dels continguts d&#8217;aquest lloc web sense l&#8217;autoritzaci\u00f3 pr\u00e8via, expressa i per escrit de Jes\u00fas Rubio S.L.<\/p>\t\t\t\t\t\t\t\t<\/div>\n\t\t\t\t<\/div>\n\t\t\t\t<div class=\"elementor-element elementor-element-5859bb68 elementor-widget elementor-widget-heading\" data-id=\"5859bb68\" data-element_type=\"widget\" data-e-type=\"widget\" data-widget_type=\"heading.default\">\n\t\t\t\t<div class=\"elementor-widget-container\">\n\t\t\t\t\t<h2 class=\"elementor-heading-title elementor-size-default\">Responsabilitat<\/h2>\t\t\t\t<\/div>\n\t\t\t\t<\/div>\n\t\t\t\t<div class=\"elementor-element elementor-element-51d163c2 elementor-widget elementor-widget-text-editor\" data-id=\"51d163c2\" data-element_type=\"widget\" data-e-type=\"widget\" data-widget_type=\"text-editor.default\">\n\t\t\t\t<div class=\"elementor-widget-container\">\n\t\t\t\t\t\t\t\t\t<p data-start=\"1700\" data-end=\"1917\">Jes\u00fas Rubio S.L. no es fa responsable dels danys o perjudicis que es puguin derivar de l&#8217;\u00fas de la informaci\u00f3 continguda en aquest lloc web, ni de la manca de disponibilitat, continu\u00eftat o funcionament del mateix.<\/p><p data-start=\"1919\" data-end=\"2105\">Aix\u00ed mateix, no es responsabilitza dels possibles errors o omissions en els continguts ni dels danys que es puguin derivar de l&#8217;acc\u00e9s a llocs web de tercers mitjan\u00e7ant enlla\u00e7os externs.<\/p><p data-start=\"2107\" data-end=\"2281\">Jes\u00fas Rubio S.L. es reserva el dret exclusiu de <strong data-start=\"2159\" data-end=\"2195\">modificar, actualitzar o suprimir<\/strong>, en qualsevol moment i sense previ av\u00eds, la informaci\u00f3 continguda en aquest lloc web.<\/p>\t\t\t\t\t\t\t\t<\/div>\n\t\t\t\t<\/div>\n\t\t\t\t<div class=\"elementor-element elementor-element-27cd524f elementor-widget elementor-widget-heading\" data-id=\"27cd524f\" data-element_type=\"widget\" data-e-type=\"widget\" data-widget_type=\"heading.default\">\n\t\t\t\t<div class=\"elementor-widget-container\">\n\t\t\t\t\t<h2 class=\"elementor-heading-title elementor-size-default\">Legislaci\u00f3 aplicable i jurisdicci\u00f3<\/h2>\t\t\t\t<\/div>\n\t\t\t\t<\/div>\n\t\t\t\t<div class=\"elementor-element elementor-element-42f0f8f5 elementor-widget elementor-widget-text-editor\" data-id=\"42f0f8f5\" data-element_type=\"widget\" data-e-type=\"widget\" data-widget_type=\"text-editor.default\">\n\t\t\t\t<div class=\"elementor-widget-container\">\n\t\t\t\t\t\t\t\t\t<p data-start=\"2629\" data-end=\"2679\">La relaci\u00f3 entre l&#8217;usuari i el titular del lloc web es regir\u00e0 per la legislaci\u00f3 espanyola vigent. Per a la resoluci\u00f3 de qualsevol controv\u00e8rsia que pugui sorgir, ambdues parts se sotmeten als jutjats i tribunals que corresponguin conforme a dret. <\/p>\t\t\t\t\t\t\t\t<\/div>\n\t\t\t\t<\/div>\n\t\t\t\t\t<\/div>\n\t\t\t\t<\/div>\n\t\t\t\t<\/div>\n\t\t","protected":false},"excerpt":{"rendered":"<p>Av\u00eds legal En compliment del que disposa la normativa vigent, s&#8217;informa els usuaris de les seg\u00fcents dades identificatives del titular [&hellip;]<\/p>\n","protected":false},"author":1,"featured_media":0,"parent":0,"menu_order":0,"comment_status":"closed","ping_status":"closed","template":"elementor_header_footer","meta":{"site-sidebar-layout":"no-sidebar","site-content-layout":"","ast-site-content-layout":"full-width-container","site-content-style":"default","site-sidebar-style":"default","ast-global-header-display":"","ast-banner-title-visibility":"","ast-main-header-display":"","ast-hfb-above-header-display":"","ast-hfb-below-header-display":"","ast-hfb-mobile-header-display":"","site-post-title":"","ast-breadcrumbs-content":"","ast-featured-img":"disabled","footer-sml-layout":"","ast-disable-related-posts":"","theme-transparent-header-meta":"","adv-header-id-meta":"","stick-header-meta":"","header-above-stick-meta":"","header-main-stick-meta":"","header-below-stick-meta":"","astra-migrate-meta-layouts":"default","ast-page-background-enabled":"default","ast-page-background-meta":{"desktop":{"background-color":"var(--ast-global-color-5)","background-image":"","background-repeat":"repeat","background-position":"center center","background-size":"auto","background-attachment":"scroll","background-type":"","background-media":"","overlay-type":"","overlay-color":"","overlay-opacity":"","overlay-gradient":""},"tablet":{"background-color":"","background-image":"","background-repeat":"repeat","background-position":"center center","background-size":"auto","background-attachment":"scroll","background-type":"","background-media":"","overlay-type":"","overlay-color":"","overlay-opacity":"","overlay-gradient":""},"mobile":{"background-color":"","background-image":"","background-repeat":"repeat","background-position":"center center","background-size":"auto","background-attachment":"scroll","background-type":"","background-media":"","overlay-type":"","overlay-color":"","overlay-opacity":"","overlay-gradient":""}},"ast-content-background-meta":{"desktop":{"background-color":"var(--ast-global-color-4)","background-image":"","background-repeat":"repeat","background-position":"center center","background-size":"auto","background-attachment":"scroll","background-type":"","background-media":"","overlay-type":"","overlay-color":"","overlay-opacity":"","overlay-gradient":""},"tablet":{"background-color":"var(--ast-global-color-4)","background-image":"","background-repeat":"repeat","background-position":"center center","background-size":"auto","background-attachment":"scroll","background-type":"","background-media":"","overlay-type":"","overlay-color":"","overlay-opacity":"","overlay-gradient":""},"mobile":{"background-color":"var(--ast-global-color-4)","background-image":"","background-repeat":"repeat","background-position":"center center","background-size":"auto","background-attachment":"scroll","background-type":"","background-media":"","overlay-type":"","overlay-color":"","overlay-opacity":"","overlay-gradient":""}},"footnotes":""},"class_list":["post-2030","page","type-page","status-publish","hentry"],"_links":{"self":[{"href":"https:\/\/www.hilaturasjesusrubio.com\/ca\/wp-json\/wp\/v2\/pages\/2030","targetHints":{"allow":["GET"]}}],"collection":[{"href":"https:\/\/www.hilaturasjesusrubio.com\/ca\/wp-json\/wp\/v2\/pages"}],"about":[{"href":"https:\/\/www.hilaturasjesusrubio.com\/ca\/wp-json\/wp\/v2\/types\/page"}],"author":[{"embeddable":true,"href":"https:\/\/www.hilaturasjesusrubio.com\/ca\/wp-json\/wp\/v2\/users\/1"}],"replies":[{"embeddable":true,"href":"https:\/\/www.hilaturasjesusrubio.com\/ca\/wp-json\/wp\/v2\/comments?post=2030"}],"version-history":[{"count":0,"href":"https:\/\/www.hilaturasjesusrubio.com\/ca\/wp-json\/wp\/v2\/pages\/2030\/revisions"}],"wp:attachment":[{"href":"https:\/\/www.hilaturasjesusrubio.com\/ca\/wp-json\/wp\/v2\/media?parent=2030"}],"curies":[{"name":"wp","href":"https:\/\/api.w.org\/{rel}","templated":true}]}}