{"id":1940,"date":"2025-11-07T11:14:25","date_gmt":"2025-11-07T11:14:25","guid":{"rendered":"https:\/\/www.hilaturasjesusrubio.com\/partnerships\/"},"modified":"2026-02-20T09:36:29","modified_gmt":"2026-02-20T09:36:29","slug":"partnerships","status":"publish","type":"page","link":"https:\/\/www.hilaturasjesusrubio.com\/ca\/partnerships\/","title":{"rendered":"Partnerships"},"content":{"rendered":"\t\t<div data-elementor-type=\"wp-page\" data-elementor-id=\"1940\" class=\"elementor elementor-1940 elementor-180\" data-elementor-post-type=\"page\">\n\t\t\t\t<div class=\"elementor-element elementor-element-c3a56eb e-flex e-con-boxed e-con e-parent\" data-id=\"c3a56eb\" data-element_type=\"container\" data-e-type=\"container\" data-settings=\"{&quot;background_background&quot;:&quot;classic&quot;}\">\n\t\t\t\t\t<div class=\"e-con-inner\">\n\t\t<div class=\"elementor-element elementor-element-39f68412 e-flex e-con-boxed e-con e-child\" data-id=\"39f68412\" data-element_type=\"container\" data-e-type=\"container\" data-settings=\"{&quot;background_background&quot;:&quot;classic&quot;}\">\n\t\t\t\t\t<div class=\"e-con-inner\">\n\t\t\t\t<div class=\"elementor-element elementor-element-5e2c70e3 elementor-widget elementor-widget-heading\" data-id=\"5e2c70e3\" data-element_type=\"widget\" data-e-type=\"widget\" data-widget_type=\"heading.default\">\n\t\t\t\t<div class=\"elementor-widget-container\">\n\t\t\t\t\t<h1 class=\"elementor-heading-title elementor-size-default\">Partnership<\/h1>\t\t\t\t<\/div>\n\t\t\t\t<\/div>\n\t\t\t\t<div class=\"elementor-element elementor-element-208f5216 elementor-widget__width-initial elementor-widget elementor-widget-text-editor\" data-id=\"208f5216\" data-element_type=\"widget\" data-e-type=\"widget\" data-widget_type=\"text-editor.default\">\n\t\t\t\t<div class=\"elementor-widget-container\">\n\t\t\t\t\t\t\t\t\t<p>Col\u00b7laborem amb diversos projectes.<\/p>\t\t\t\t\t\t\t\t<\/div>\n\t\t\t\t<\/div>\n\t\t\t\t\t<\/div>\n\t\t\t\t<\/div>\n\t\t\t\t\t<\/div>\n\t\t\t\t<\/div>\n\t\t<div class=\"elementor-element elementor-element-110c7a05 e-flex e-con-boxed e-con e-parent\" data-id=\"110c7a05\" data-element_type=\"container\" data-e-type=\"container\">\n\t\t\t\t\t<div class=\"e-con-inner\">\n\t\t<div class=\"elementor-element elementor-element-23002728 e-con-full e-flex e-con e-child\" data-id=\"23002728\" data-element_type=\"container\" data-e-type=\"container\">\n\t\t\t\t<div class=\"elementor-element elementor-element-5cd2faf8 elementor-widget elementor-widget-image\" data-id=\"5cd2faf8\" data-element_type=\"widget\" data-e-type=\"widget\" data-widget_type=\"image.default\">\n\t\t\t\t<div class=\"elementor-widget-container\">\n\t\t\t\t\t\t\t\t\t\t\t\t\t\t\t<img fetchpriority=\"high\" decoding=\"async\" width=\"300\" height=\"298\" src=\"https:\/\/www.hilaturasjesusrubio.com\/wp-content\/uploads\/2025\/11\/partnership-moda-300x298.png\" class=\"attachment-medium size-medium wp-image-1929\" alt=\"partnership-moda\" srcset=\"https:\/\/www.hilaturasjesusrubio.com\/wp-content\/uploads\/2025\/11\/partnership-moda-300x298.png 300w, https:\/\/www.hilaturasjesusrubio.com\/wp-content\/uploads\/2025\/11\/partnership-moda-150x150.png 150w, https:\/\/www.hilaturasjesusrubio.com\/wp-content\/uploads\/2025\/11\/partnership-moda.png 468w\" sizes=\"(max-width: 300px) 100vw, 300px\" \/>\t\t\t\t\t\t\t\t\t\t\t\t\t\t\t<\/div>\n\t\t\t\t<\/div>\n\t\t\t\t<\/div>\n\t\t<div class=\"elementor-element elementor-element-60750de4 e-con-full e-flex e-con e-child\" data-id=\"60750de4\" data-element_type=\"container\" data-e-type=\"container\">\n\t\t\t\t<div class=\"elementor-element elementor-element-75c7eab0 elementor-widget elementor-widget-heading\" data-id=\"75c7eab0\" data-element_type=\"widget\" data-e-type=\"widget\" data-widget_type=\"heading.default\">\n\t\t\t\t<div class=\"elementor-widget-container\">\n\t\t\t\t\t<h2 class=\"elementor-heading-title elementor-size-default\">Marques de moda<\/h2>\t\t\t\t<\/div>\n\t\t\t\t<\/div>\n\t\t\t\t<div class=\"elementor-element elementor-element-3b465246 elementor-widget elementor-widget-text-editor\" data-id=\"3b465246\" data-element_type=\"widget\" data-e-type=\"widget\" data-widget_type=\"text-editor.default\">\n\t\t\t\t<div class=\"elementor-widget-container\">\n\t\t\t\t\t\t\t\t\t<p>Hilaturas Rubio impulsa el projecte <strong>Re-Yut-Cel juntament amb Sylvia Calvo BCN,<\/strong> transformant sacs de jute reciclat en un nou fil sostenible. Aquesta col\u00b7laboraci\u00f3 uneix innovaci\u00f3 i moda circular amb un impacte ambiental m\u00ednim i producci\u00f3 100% local. <\/p>\t\t\t\t\t\t\t\t<\/div>\n\t\t\t\t<\/div>\n\t\t\t\t<\/div>\n\t\t\t\t\t<\/div>\n\t\t\t\t<\/div>\n\t\t<div class=\"elementor-element elementor-element-78bd64d e-flex e-con-boxed e-con e-parent\" data-id=\"78bd64d\" data-element_type=\"container\" data-e-type=\"container\">\n\t\t\t\t\t<div class=\"e-con-inner\">\n\t\t<div class=\"elementor-element elementor-element-3412593 e-con-full e-flex e-con e-child\" data-id=\"3412593\" data-element_type=\"container\" data-e-type=\"container\">\n\t\t\t\t<div class=\"elementor-element elementor-element-9de3981 elementor-widget elementor-widget-heading\" data-id=\"9de3981\" data-element_type=\"widget\" data-e-type=\"widget\" data-widget_type=\"heading.default\">\n\t\t\t\t<div class=\"elementor-widget-container\">\n\t\t\t\t\t<h2 class=\"elementor-heading-title elementor-size-default\">Centres tecnol\u00f2gics<\/h2>\t\t\t\t<\/div>\n\t\t\t\t<\/div>\n\t\t\t\t<div class=\"elementor-element elementor-element-997d866 elementor-widget elementor-widget-text-editor\" data-id=\"997d866\" data-element_type=\"widget\" data-e-type=\"widget\" data-widget_type=\"text-editor.default\">\n\t\t\t\t<div class=\"elementor-widget-container\">\n\t\t\t\t\t\t\t\t\t<p>Participa activament en <strong>projectes d&#8217;R+D juntament amb centres tecnol\u00f2gics com AITEX i EURECAT<\/strong>, amb l&#8217;objectiu de desenvolupar nous fils sostenibles per a col\u00b7leccions espec\u00edfiques. Aquestes sinergies permeten avan\u00e7ar cap a una ind\u00fastria t\u00e8xtil m\u00e9s innovadora i responsable. <\/p>\t\t\t\t\t\t\t\t<\/div>\n\t\t\t\t<\/div>\n\t\t\t\t<\/div>\n\t\t<div class=\"elementor-element elementor-element-0f5edbb e-con-full e-flex e-con e-child\" data-id=\"0f5edbb\" data-element_type=\"container\" data-e-type=\"container\">\n\t\t\t\t<div class=\"elementor-element elementor-element-a6cb2fa elementor-widget elementor-widget-image\" data-id=\"a6cb2fa\" data-element_type=\"widget\" data-e-type=\"widget\" data-widget_type=\"image.default\">\n\t\t\t\t<div class=\"elementor-widget-container\">\n\t\t\t\t\t\t\t\t\t\t\t\t\t\t\t<img decoding=\"async\" width=\"300\" height=\"298\" src=\"https:\/\/www.hilaturasjesusrubio.com\/wp-content\/uploads\/2025\/11\/partnership-tecnologico-300x298.png\" class=\"attachment-medium size-medium wp-image-1930\" alt=\"partnership-tecnologico\" srcset=\"https:\/\/www.hilaturasjesusrubio.com\/wp-content\/uploads\/2025\/11\/partnership-tecnologico-300x298.png 300w, https:\/\/www.hilaturasjesusrubio.com\/wp-content\/uploads\/2025\/11\/partnership-tecnologico-150x150.png 150w, https:\/\/www.hilaturasjesusrubio.com\/wp-content\/uploads\/2025\/11\/partnership-tecnologico.png 468w\" sizes=\"(max-width: 300px) 100vw, 300px\" \/>\t\t\t\t\t\t\t\t\t\t\t\t\t\t\t<\/div>\n\t\t\t\t<\/div>\n\t\t\t\t<\/div>\n\t\t\t\t\t<\/div>\n\t\t\t\t<\/div>\n\t\t<div class=\"elementor-element elementor-element-ec847da e-flex e-con-boxed e-con e-parent\" data-id=\"ec847da\" data-element_type=\"container\" data-e-type=\"container\">\n\t\t\t\t\t<div class=\"e-con-inner\">\n\t\t<div class=\"elementor-element elementor-element-54ba944 e-con-full e-flex e-con e-child\" data-id=\"54ba944\" data-element_type=\"container\" data-e-type=\"container\">\n\t\t\t\t<div class=\"elementor-element elementor-element-33e1cb1 elementor-widget elementor-widget-image\" data-id=\"33e1cb1\" data-element_type=\"widget\" data-e-type=\"widget\" data-widget_type=\"image.default\">\n\t\t\t\t<div class=\"elementor-widget-container\">\n\t\t\t\t\t\t\t\t\t\t\t\t\t\t\t<img decoding=\"async\" width=\"300\" height=\"298\" src=\"https:\/\/www.hilaturasjesusrubio.com\/wp-content\/uploads\/2025\/11\/partnership-universidades-300x298.png\" class=\"attachment-medium size-medium wp-image-1931\" alt=\"partnership-universidades\" srcset=\"https:\/\/www.hilaturasjesusrubio.com\/wp-content\/uploads\/2025\/11\/partnership-universidades-300x298.png 300w, https:\/\/www.hilaturasjesusrubio.com\/wp-content\/uploads\/2025\/11\/partnership-universidades-150x150.png 150w, https:\/\/www.hilaturasjesusrubio.com\/wp-content\/uploads\/2025\/11\/partnership-universidades.png 468w\" sizes=\"(max-width: 300px) 100vw, 300px\" \/>\t\t\t\t\t\t\t\t\t\t\t\t\t\t\t<\/div>\n\t\t\t\t<\/div>\n\t\t\t\t<\/div>\n\t\t<div class=\"elementor-element elementor-element-d47fc16 e-con-full e-flex e-con e-child\" data-id=\"d47fc16\" data-element_type=\"container\" data-e-type=\"container\">\n\t\t\t\t<div class=\"elementor-element elementor-element-fcd8b03 elementor-widget elementor-widget-heading\" data-id=\"fcd8b03\" data-element_type=\"widget\" data-e-type=\"widget\" data-widget_type=\"heading.default\">\n\t\t\t\t<div class=\"elementor-widget-container\">\n\t\t\t\t\t<h2 class=\"elementor-heading-title elementor-size-default\">Universitats<\/h2>\t\t\t\t<\/div>\n\t\t\t\t<\/div>\n\t\t\t\t<div class=\"elementor-element elementor-element-2969980 elementor-widget elementor-widget-text-editor\" data-id=\"2969980\" data-element_type=\"widget\" data-e-type=\"widget\" data-widget_type=\"text-editor.default\">\n\t\t\t\t<div class=\"elementor-widget-container\">\n\t\t\t\t\t\t\t\t\t<p><strong>Col\u00b7laborem amb institucions acad\u00e8miques com ESDi o la UPC<\/strong> per connectar coneixement, investigaci\u00f3 i pr\u00e0ctica t\u00e8xtil. Junts impulsem la formaci\u00f3 i l&#8217;experimentaci\u00f3 amb nous materials m\u00e9s sostenibles. <\/p>\t\t\t\t\t\t\t\t<\/div>\n\t\t\t\t<\/div>\n\t\t\t\t<\/div>\n\t\t\t\t\t<\/div>\n\t\t\t\t<\/div>\n\t\t<div class=\"elementor-element elementor-element-bb9f79c e-flex e-con-boxed e-con e-parent\" data-id=\"bb9f79c\" data-element_type=\"container\" data-e-type=\"container\">\n\t\t\t\t\t<div class=\"e-con-inner\">\n\t\t<div class=\"elementor-element elementor-element-2b64131 e-con-full e-flex e-con e-child\" data-id=\"2b64131\" data-element_type=\"container\" data-e-type=\"container\">\n\t\t\t\t<div class=\"elementor-element elementor-element-541eb6a elementor-widget elementor-widget-heading\" data-id=\"541eb6a\" data-element_type=\"widget\" data-e-type=\"widget\" data-widget_type=\"heading.default\">\n\t\t\t\t<div class=\"elementor-widget-container\">\n\t\t\t\t\t<h2 class=\"elementor-heading-title elementor-size-default\">Entitats socials<\/h2>\t\t\t\t<\/div>\n\t\t\t\t<\/div>\n\t\t\t\t<div class=\"elementor-element elementor-element-874eeff elementor-widget elementor-widget-text-editor\" data-id=\"874eeff\" data-element_type=\"widget\" data-e-type=\"widget\" data-widget_type=\"text-editor.default\">\n\t\t\t\t<div class=\"elementor-widget-container\">\n\t\t\t\t\t\t\t\t\t<p>Treballem amb entitats com <strong>Formaci\u00f3 i Treball, Taina (Fundaci\u00f3 Privada Atendis)<\/strong> per donar una segona vida a residus t\u00e8xtils postconsum. Una col\u00b7laboraci\u00f3 que converteix la revaloritzaci\u00f3 de materials en una eina d&#8217;inclusi\u00f3 social i economia circular. <\/p>\t\t\t\t\t\t\t\t<\/div>\n\t\t\t\t<\/div>\n\t\t\t\t<\/div>\n\t\t<div class=\"elementor-element elementor-element-2b363bf e-con-full e-flex e-con e-child\" data-id=\"2b363bf\" data-element_type=\"container\" data-e-type=\"container\">\n\t\t\t\t<div class=\"elementor-element elementor-element-bf90918 elementor-widget elementor-widget-image\" data-id=\"bf90918\" data-element_type=\"widget\" data-e-type=\"widget\" data-widget_type=\"image.default\">\n\t\t\t\t<div class=\"elementor-widget-container\">\n\t\t\t\t\t\t\t\t\t\t\t\t\t\t\t<img loading=\"lazy\" decoding=\"async\" width=\"300\" height=\"298\" src=\"https:\/\/www.hilaturasjesusrubio.com\/wp-content\/uploads\/2026\/01\/attendis-300x298.png\" class=\"attachment-medium size-medium wp-image-1932\" alt=\"\" srcset=\"https:\/\/www.hilaturasjesusrubio.com\/wp-content\/uploads\/2026\/01\/attendis-300x298.png 300w, https:\/\/www.hilaturasjesusrubio.com\/wp-content\/uploads\/2026\/01\/attendis-150x150.png 150w, https:\/\/www.hilaturasjesusrubio.com\/wp-content\/uploads\/2026\/01\/attendis.png 468w\" sizes=\"(max-width: 300px) 100vw, 300px\" \/>\t\t\t\t\t\t\t\t\t\t\t\t\t\t\t<\/div>\n\t\t\t\t<\/div>\n\t\t\t\t<\/div>\n\t\t\t\t\t<\/div>\n\t\t\t\t<\/div>\n\t\t<div class=\"elementor-element elementor-element-cf7a89a e-flex e-con-boxed e-con e-parent\" data-id=\"cf7a89a\" data-element_type=\"container\" data-e-type=\"container\">\n\t\t\t\t\t<div class=\"e-con-inner\">\n\t\t<div class=\"elementor-element elementor-element-263050d e-con-full e-flex e-con e-child\" data-id=\"263050d\" data-element_type=\"container\" data-e-type=\"container\">\n\t\t\t\t<div class=\"elementor-element elementor-element-e853140 elementor-widget elementor-widget-image\" data-id=\"e853140\" data-element_type=\"widget\" data-e-type=\"widget\" data-widget_type=\"image.default\">\n\t\t\t\t<div class=\"elementor-widget-container\">\n\t\t\t\t\t\t\t\t\t\t\t\t\t\t\t<img loading=\"lazy\" decoding=\"async\" width=\"300\" height=\"298\" src=\"https:\/\/www.hilaturasjesusrubio.com\/wp-content\/uploads\/2025\/11\/partnership-entidades-300x298.png\" class=\"attachment-medium size-medium wp-image-1933\" alt=\"partnership-entidades\" srcset=\"https:\/\/www.hilaturasjesusrubio.com\/wp-content\/uploads\/2025\/11\/partnership-entidades-300x298.png 300w, https:\/\/www.hilaturasjesusrubio.com\/wp-content\/uploads\/2025\/11\/partnership-entidades-150x150.png 150w, https:\/\/www.hilaturasjesusrubio.com\/wp-content\/uploads\/2025\/11\/partnership-entidades.png 468w\" sizes=\"(max-width: 300px) 100vw, 300px\" \/>\t\t\t\t\t\t\t\t\t\t\t\t\t\t\t<\/div>\n\t\t\t\t<\/div>\n\t\t\t\t<\/div>\n\t\t<div class=\"elementor-element elementor-element-a4ac18d e-con-full e-flex e-con e-child\" data-id=\"a4ac18d\" data-element_type=\"container\" data-e-type=\"container\">\n\t\t\t\t<div class=\"elementor-element elementor-element-cf9d0b0 elementor-widget elementor-widget-heading\" data-id=\"cf9d0b0\" data-element_type=\"widget\" data-e-type=\"widget\" data-widget_type=\"heading.default\">\n\t\t\t\t<div class=\"elementor-widget-container\">\n\t\t\t\t\t<h2 class=\"elementor-heading-title elementor-size-default\">Organitzacions<\/h2>\t\t\t\t<\/div>\n\t\t\t\t<\/div>\n\t\t\t\t<div class=\"elementor-element elementor-element-a6a6c39 elementor-widget elementor-widget-text-editor\" data-id=\"a6a6c39\" data-element_type=\"widget\" data-e-type=\"widget\" data-widget_type=\"text-editor.default\">\n\t\t\t\t<div class=\"elementor-widget-container\">\n\t\t\t\t\t\t\t\t\t<p>Hilaturas Rubio col\u00b7labora amb <strong>l&#8217;Associaci\u00f3 de Pastors del Ripoll\u00e8s<\/strong> per crear un fil de proximitat a partir de la llana ripollesa. Un projecte que refor\u00e7a el nostre comprom\u00eds amb els recursos locals i el desenvolupament de productes naturals des de l&#8217;origen fins al disseny final. <\/p>\t\t\t\t\t\t\t\t<\/div>\n\t\t\t\t<\/div>\n\t\t\t\t<\/div>\n\t\t\t\t\t<\/div>\n\t\t\t\t<\/div>\n\t\t\t\t<\/div>\n\t\t","protected":false},"excerpt":{"rendered":"<p>Partnership Col\u00b7laborem amb diversos projectes. Marques de moda Hilaturas Rubio impulsa el projecte Re-Yut-Cel juntament amb Sylvia Calvo BCN, transformant [&hellip;]<\/p>\n","protected":false},"author":1,"featured_media":0,"parent":0,"menu_order":0,"comment_status":"closed","ping_status":"closed","template":"","meta":{"site-sidebar-layout":"no-sidebar","site-content-layout":"","ast-site-content-layout":"full-width-container","site-content-style":"default","site-sidebar-style":"default","ast-global-header-display":"","ast-banner-title-visibility":"","ast-main-header-display":"","ast-hfb-above-header-display":"","ast-hfb-below-header-display":"","ast-hfb-mobile-header-display":"","site-post-title":"","ast-breadcrumbs-content":"","ast-featured-img":"disabled","footer-sml-layout":"","ast-disable-related-posts":"","theme-transparent-header-meta":"","adv-header-id-meta":"","stick-header-meta":"","header-above-stick-meta":"","header-main-stick-meta":"","header-below-stick-meta":"","astra-migrate-meta-layouts":"default","ast-page-background-enabled":"default","ast-page-background-meta":{"desktop":{"background-color":"var(--ast-global-color-5)","background-image":"","background-repeat":"repeat","background-position":"center center","background-size":"auto","background-attachment":"scroll","background-type":"","background-media":"","overlay-type":"","overlay-color":"","overlay-opacity":"","overlay-gradient":""},"tablet":{"background-color":"","background-image":"","background-repeat":"repeat","background-position":"center center","background-size":"auto","background-attachment":"scroll","background-type":"","background-media":"","overlay-type":"","overlay-color":"","overlay-opacity":"","overlay-gradient":""},"mobile":{"background-color":"","background-image":"","background-repeat":"repeat","background-position":"center center","background-size":"auto","background-attachment":"scroll","background-type":"","background-media":"","overlay-type":"","overlay-color":"","overlay-opacity":"","overlay-gradient":""}},"ast-content-background-meta":{"desktop":{"background-color":"var(--ast-global-color-4)","background-image":"","background-repeat":"repeat","background-position":"center center","background-size":"auto","background-attachment":"scroll","background-type":"","background-media":"","overlay-type":"","overlay-color":"","overlay-opacity":"","overlay-gradient":""},"tablet":{"background-color":"var(--ast-global-color-4)","background-image":"","background-repeat":"repeat","background-position":"center center","background-size":"auto","background-attachment":"scroll","background-type":"","background-media":"","overlay-type":"","overlay-color":"","overlay-opacity":"","overlay-gradient":""},"mobile":{"background-color":"var(--ast-global-color-4)","background-image":"","background-repeat":"repeat","background-position":"center center","background-size":"auto","background-attachment":"scroll","background-type":"","background-media":"","overlay-type":"","overlay-color":"","overlay-opacity":"","overlay-gradient":""}},"footnotes":""},"class_list":["post-1940","page","type-page","status-publish","hentry"],"_links":{"self":[{"href":"https:\/\/www.hilaturasjesusrubio.com\/ca\/wp-json\/wp\/v2\/pages\/1940","targetHints":{"allow":["GET"]}}],"collection":[{"href":"https:\/\/www.hilaturasjesusrubio.com\/ca\/wp-json\/wp\/v2\/pages"}],"about":[{"href":"https:\/\/www.hilaturasjesusrubio.com\/ca\/wp-json\/wp\/v2\/types\/page"}],"author":[{"embeddable":true,"href":"https:\/\/www.hilaturasjesusrubio.com\/ca\/wp-json\/wp\/v2\/users\/1"}],"replies":[{"embeddable":true,"href":"https:\/\/www.hilaturasjesusrubio.com\/ca\/wp-json\/wp\/v2\/comments?post=1940"}],"version-history":[{"count":0,"href":"https:\/\/www.hilaturasjesusrubio.com\/ca\/wp-json\/wp\/v2\/pages\/1940\/revisions"}],"wp:attachment":[{"href":"https:\/\/www.hilaturasjesusrubio.com\/ca\/wp-json\/wp\/v2\/media?parent=1940"}],"curies":[{"name":"wp","href":"https:\/\/api.w.org\/{rel}","templated":true}]}}