{"id":1926,"date":"2025-12-29T07:38:18","date_gmt":"2025-12-29T07:38:18","guid":{"rendered":"https:\/\/www.hilaturasjesusrubio.com\/projectes\/"},"modified":"2026-02-20T09:37:43","modified_gmt":"2026-02-20T09:37:43","slug":"projectes","status":"publish","type":"page","link":"https:\/\/www.hilaturasjesusrubio.com\/ca\/projectes\/","title":{"rendered":"Projectes"},"content":{"rendered":"\t\t<div data-elementor-type=\"wp-page\" data-elementor-id=\"1926\" class=\"elementor elementor-1926 elementor-1378\" data-elementor-post-type=\"page\">\n\t\t\t\t<div class=\"elementor-element elementor-element-6976f09a e-flex e-con-boxed e-con e-parent\" data-id=\"6976f09a\" data-element_type=\"container\" data-e-type=\"container\" data-settings=\"{&quot;background_background&quot;:&quot;classic&quot;}\">\n\t\t\t\t\t<div class=\"e-con-inner\">\n\t\t<div class=\"elementor-element elementor-element-5f1f9582 e-flex e-con-boxed e-con e-child\" data-id=\"5f1f9582\" data-element_type=\"container\" data-e-type=\"container\" data-settings=\"{&quot;background_background&quot;:&quot;classic&quot;}\">\n\t\t\t\t\t<div class=\"e-con-inner\">\n\t\t\t\t<div class=\"elementor-element elementor-element-658f2b78 elementor-widget elementor-widget-heading\" data-id=\"658f2b78\" data-element_type=\"widget\" data-e-type=\"widget\" data-widget_type=\"heading.default\">\n\t\t\t\t<div class=\"elementor-widget-container\">\n\t\t\t\t\t<h1 class=\"elementor-heading-title elementor-size-default\">Projectes<\/h1>\t\t\t\t<\/div>\n\t\t\t\t<\/div>\n\t\t\t\t<div class=\"elementor-element elementor-element-904ec21 elementor-widget__width-initial elementor-widget elementor-widget-text-editor\" data-id=\"904ec21\" data-element_type=\"widget\" data-e-type=\"widget\" data-widget_type=\"text-editor.default\">\n\t\t\t\t<div class=\"elementor-widget-container\">\n\t\t\t\t\t\t\t\t\t<p>Desenvolupem projectes t\u00e8xtils que recuperen materials, activen l&#8217;economia circular i reforcen el vincle entre innovaci\u00f3, territori i producci\u00f3 responsable.<\/p>\t\t\t\t\t\t\t\t<\/div>\n\t\t\t\t<\/div>\n\t\t\t\t\t<\/div>\n\t\t\t\t<\/div>\n\t\t\t\t\t<\/div>\n\t\t\t\t<\/div>\n\t\t<div class=\"elementor-element elementor-element-4228315c e-flex e-con-boxed e-con e-parent\" data-id=\"4228315c\" data-element_type=\"container\" data-e-type=\"container\">\n\t\t\t\t\t<div class=\"e-con-inner\">\n\t\t<div class=\"elementor-element elementor-element-380247f8 e-con-full e-flex e-con e-child\" data-id=\"380247f8\" data-element_type=\"container\" data-e-type=\"container\">\n\t\t\t\t<div class=\"elementor-element elementor-element-68eefb60 elementor-widget elementor-widget-image\" data-id=\"68eefb60\" data-element_type=\"widget\" data-e-type=\"widget\" data-widget_type=\"image.default\">\n\t\t\t\t<div class=\"elementor-widget-container\">\n\t\t\t\t\t\t\t\t\t\t\t\t\t\t\t<img fetchpriority=\"high\" decoding=\"async\" width=\"300\" height=\"298\" src=\"https:\/\/www.hilaturasjesusrubio.com\/wp-content\/uploads\/2026\/01\/reyutcel-300x298.png\" class=\"attachment-medium size-medium wp-image-1917\" alt=\"\" srcset=\"https:\/\/www.hilaturasjesusrubio.com\/wp-content\/uploads\/2026\/01\/reyutcel-300x298.png 300w, https:\/\/www.hilaturasjesusrubio.com\/wp-content\/uploads\/2026\/01\/reyutcel-150x150.png 150w, https:\/\/www.hilaturasjesusrubio.com\/wp-content\/uploads\/2026\/01\/reyutcel.png 468w\" sizes=\"(max-width: 300px) 100vw, 300px\" \/>\t\t\t\t\t\t\t\t\t\t\t\t\t\t\t<\/div>\n\t\t\t\t<\/div>\n\t\t\t\t<\/div>\n\t\t<div class=\"elementor-element elementor-element-5b29b79c e-con-full e-flex e-con e-child\" data-id=\"5b29b79c\" data-element_type=\"container\" data-e-type=\"container\">\n\t\t\t\t<div class=\"elementor-element elementor-element-6291e68b elementor-widget elementor-widget-heading\" data-id=\"6291e68b\" data-element_type=\"widget\" data-e-type=\"widget\" data-widget_type=\"heading.default\">\n\t\t\t\t<div class=\"elementor-widget-container\">\n\t\t\t\t\t<h2 class=\"elementor-heading-title elementor-size-default\">Re-Yut-Cel<\/h2>\t\t\t\t<\/div>\n\t\t\t\t<\/div>\n\t\t\t\t<div class=\"elementor-element elementor-element-412378dd elementor-widget elementor-widget-text-editor\" data-id=\"412378dd\" data-element_type=\"widget\" data-e-type=\"widget\" data-widget_type=\"text-editor.default\">\n\t\t\t\t<div class=\"elementor-widget-container\">\n\t\t\t\t\t\t\t\t\t<p>Projecte d&#8217;economia circular que <strong>converteix sacs de jute usats en un fil regenerat de jute, cot\u00f3 org\u00e0nic i Tencel<\/strong>, produ\u00eft a Barcelona i reconegut amb el Green Product Award 2023.<\/p>\t\t\t\t\t\t\t\t<\/div>\n\t\t\t\t<\/div>\n\t\t\t\t<\/div>\n\t\t\t\t\t<\/div>\n\t\t\t\t<\/div>\n\t\t<div class=\"elementor-element elementor-element-43f88ccf e-flex e-con-boxed e-con e-parent\" data-id=\"43f88ccf\" data-element_type=\"container\" data-e-type=\"container\">\n\t\t\t\t\t<div class=\"e-con-inner\">\n\t\t<div class=\"elementor-element elementor-element-15965c47 e-con-full e-flex e-con e-child\" data-id=\"15965c47\" data-element_type=\"container\" data-e-type=\"container\">\n\t\t\t\t<div class=\"elementor-element elementor-element-492097dd elementor-widget elementor-widget-heading\" data-id=\"492097dd\" data-element_type=\"widget\" data-e-type=\"widget\" data-widget_type=\"heading.default\">\n\t\t\t\t<div class=\"elementor-widget-container\">\n\t\t\t\t\t<h2 class=\"elementor-heading-title elementor-size-default\">Retexcat<\/h2>\t\t\t\t<\/div>\n\t\t\t\t<\/div>\n\t\t\t\t<div class=\"elementor-element elementor-element-387df474 elementor-widget elementor-widget-text-editor\" data-id=\"387df474\" data-element_type=\"widget\" data-e-type=\"widget\" data-widget_type=\"text-editor.default\">\n\t\t\t\t<div class=\"elementor-widget-container\">\n\t\t\t\t\t\t\t\t\t<p>Iniciativa per a <strong>industrialitzar el reciclatge t\u00e8xtil postconsum a Catalunya<\/strong>, assegurant mat\u00e8ria primera secund\u00e0ria de qualitat mitjan\u00e7ant la revaloritzaci\u00f3 de residus t\u00e8xtils.<\/p>\t\t\t\t\t\t\t\t<\/div>\n\t\t\t\t<\/div>\n\t\t\t\t<\/div>\n\t\t<div class=\"elementor-element elementor-element-11627c0e e-con-full e-flex e-con e-child\" data-id=\"11627c0e\" data-element_type=\"container\" data-e-type=\"container\">\n\t\t\t\t<div class=\"elementor-element elementor-element-7ec7fcf9 elementor-widget elementor-widget-image\" data-id=\"7ec7fcf9\" data-element_type=\"widget\" data-e-type=\"widget\" data-widget_type=\"image.default\">\n\t\t\t\t<div class=\"elementor-widget-container\">\n\t\t\t\t\t\t\t\t\t\t\t\t\t\t\t<img decoding=\"async\" width=\"300\" height=\"298\" src=\"https:\/\/www.hilaturasjesusrubio.com\/wp-content\/uploads\/2026\/01\/retexcat-logo-300x298.png\" class=\"attachment-medium size-medium wp-image-1918\" alt=\"\" srcset=\"https:\/\/www.hilaturasjesusrubio.com\/wp-content\/uploads\/2026\/01\/retexcat-logo-300x298.png 300w, https:\/\/www.hilaturasjesusrubio.com\/wp-content\/uploads\/2026\/01\/retexcat-logo-150x150.png 150w, https:\/\/www.hilaturasjesusrubio.com\/wp-content\/uploads\/2026\/01\/retexcat-logo.png 468w\" sizes=\"(max-width: 300px) 100vw, 300px\" \/>\t\t\t\t\t\t\t\t\t\t\t\t\t\t\t<\/div>\n\t\t\t\t<\/div>\n\t\t\t\t<\/div>\n\t\t\t\t\t<\/div>\n\t\t\t\t<\/div>\n\t\t<div class=\"elementor-element elementor-element-1d48746f e-flex e-con-boxed e-con e-parent\" data-id=\"1d48746f\" data-element_type=\"container\" data-e-type=\"container\">\n\t\t\t\t\t<div class=\"e-con-inner\">\n\t\t<div class=\"elementor-element elementor-element-6f21f4f4 e-con-full e-flex e-con e-child\" data-id=\"6f21f4f4\" data-element_type=\"container\" data-e-type=\"container\">\n\t\t\t\t<div class=\"elementor-element elementor-element-591b9c3f elementor-widget elementor-widget-image\" data-id=\"591b9c3f\" data-element_type=\"widget\" data-e-type=\"widget\" data-widget_type=\"image.default\">\n\t\t\t\t<div class=\"elementor-widget-container\">\n\t\t\t\t\t\t\t\t\t\t\t\t\t\t\t<img decoding=\"async\" width=\"300\" height=\"298\" src=\"https:\/\/www.hilaturasjesusrubio.com\/wp-content\/uploads\/2026\/01\/paneles-acusticos-1-300x298.png\" class=\"attachment-medium size-medium wp-image-1919\" alt=\"\" srcset=\"https:\/\/www.hilaturasjesusrubio.com\/wp-content\/uploads\/2026\/01\/paneles-acusticos-1-300x298.png 300w, https:\/\/www.hilaturasjesusrubio.com\/wp-content\/uploads\/2026\/01\/paneles-acusticos-1-150x150.png 150w, https:\/\/www.hilaturasjesusrubio.com\/wp-content\/uploads\/2026\/01\/paneles-acusticos-1.png 468w\" sizes=\"(max-width: 300px) 100vw, 300px\" \/>\t\t\t\t\t\t\t\t\t\t\t\t\t\t\t<\/div>\n\t\t\t\t<\/div>\n\t\t\t\t<\/div>\n\t\t<div class=\"elementor-element elementor-element-7d75884c e-con-full e-flex e-con e-child\" data-id=\"7d75884c\" data-element_type=\"container\" data-e-type=\"container\">\n\t\t\t\t<div class=\"elementor-element elementor-element-54836109 elementor-widget elementor-widget-heading\" data-id=\"54836109\" data-element_type=\"widget\" data-e-type=\"widget\" data-widget_type=\"heading.default\">\n\t\t\t\t<div class=\"elementor-widget-container\">\n\t\t\t\t\t<h2 class=\"elementor-heading-title elementor-size-default\">Panells ac\u00fastics amb llana Ripollesa<\/h2>\t\t\t\t<\/div>\n\t\t\t\t<\/div>\n\t\t\t\t<div class=\"elementor-element elementor-element-2c595207 elementor-widget elementor-widget-text-editor\" data-id=\"2c595207\" data-element_type=\"widget\" data-e-type=\"widget\" data-widget_type=\"text-editor.default\">\n\t\t\t\t<div class=\"elementor-widget-container\">\n\t\t\t\t\t\t\t\t\t<p>Projecte que <strong>transforma llana d&#8217;ovella ripollesa en panells d&#8217;absorci\u00f3 ac\u00fastica<\/strong>, impulsant l&#8217;economia circular i el desenvolupament local.<\/p>\t\t\t\t\t\t\t\t<\/div>\n\t\t\t\t<\/div>\n\t\t\t\t<\/div>\n\t\t\t\t\t<\/div>\n\t\t\t\t<\/div>\n\t\t<div class=\"elementor-element elementor-element-1dc3c523 e-flex e-con-boxed e-con e-parent\" data-id=\"1dc3c523\" data-element_type=\"container\" data-e-type=\"container\">\n\t\t\t\t\t<div class=\"e-con-inner\">\n\t\t<div class=\"elementor-element elementor-element-541a46ed e-con-full e-flex e-con e-child\" data-id=\"541a46ed\" data-element_type=\"container\" data-e-type=\"container\">\n\t\t\t\t<div class=\"elementor-element elementor-element-8ee0ad6 elementor-widget elementor-widget-heading\" data-id=\"8ee0ad6\" data-element_type=\"widget\" data-e-type=\"widget\" data-widget_type=\"heading.default\">\n\t\t\t\t<div class=\"elementor-widget-container\">\n\t\t\t\t\t<h2 class=\"elementor-heading-title elementor-size-default\">Associaci\u00f3 Producte del Ripoll\u00e8s<\/h2>\t\t\t\t<\/div>\n\t\t\t\t<\/div>\n\t\t\t\t<div class=\"elementor-element elementor-element-c062dea elementor-widget elementor-widget-text-editor\" data-id=\"c062dea\" data-element_type=\"widget\" data-e-type=\"widget\" data-widget_type=\"text-editor.default\">\n\t\t\t\t<div class=\"elementor-widget-container\">\n\t\t\t\t\t\t\t\t\t<p>Iniciativa de proximitat que <strong>recupera la llana ripollesa<\/strong> i desenvolupa tota la cadena de valor a Catalunya per a la seva aplicaci\u00f3 en moda.<\/p>\t\t\t\t\t\t\t\t<\/div>\n\t\t\t\t<\/div>\n\t\t\t\t<\/div>\n\t\t<div class=\"elementor-element elementor-element-19468b36 e-con-full e-flex e-con e-child\" data-id=\"19468b36\" data-element_type=\"container\" data-e-type=\"container\">\n\t\t\t\t<div class=\"elementor-element elementor-element-1dd8e15b elementor-widget elementor-widget-image\" data-id=\"1dd8e15b\" data-element_type=\"widget\" data-e-type=\"widget\" data-widget_type=\"image.default\">\n\t\t\t\t<div class=\"elementor-widget-container\">\n\t\t\t\t\t\t\t\t\t\t\t\t\t\t\t<img loading=\"lazy\" decoding=\"async\" width=\"300\" height=\"298\" src=\"https:\/\/www.hilaturasjesusrubio.com\/wp-content\/uploads\/2026\/01\/producte-ripolles-300x298.png\" class=\"attachment-medium size-medium wp-image-1920\" alt=\"\" srcset=\"https:\/\/www.hilaturasjesusrubio.com\/wp-content\/uploads\/2026\/01\/producte-ripolles-300x298.png 300w, https:\/\/www.hilaturasjesusrubio.com\/wp-content\/uploads\/2026\/01\/producte-ripolles-150x150.png 150w, https:\/\/www.hilaturasjesusrubio.com\/wp-content\/uploads\/2026\/01\/producte-ripolles.png 468w\" sizes=\"(max-width: 300px) 100vw, 300px\" \/>\t\t\t\t\t\t\t\t\t\t\t\t\t\t\t<\/div>\n\t\t\t\t<\/div>\n\t\t\t\t<\/div>\n\t\t\t\t\t<\/div>\n\t\t\t\t<\/div>\n\t\t<div class=\"elementor-element elementor-element-5ee16a1f e-flex e-con-boxed e-con e-parent\" data-id=\"5ee16a1f\" data-element_type=\"container\" data-e-type=\"container\">\n\t\t\t\t\t<div class=\"e-con-inner\">\n\t\t<div class=\"elementor-element elementor-element-47e5383a e-con-full e-flex e-con e-child\" data-id=\"47e5383a\" data-element_type=\"container\" data-e-type=\"container\">\n\t\t\t\t<div class=\"elementor-element elementor-element-3ccbaf39 elementor-widget elementor-widget-image\" data-id=\"3ccbaf39\" data-element_type=\"widget\" data-e-type=\"widget\" data-widget_type=\"image.default\">\n\t\t\t\t<div class=\"elementor-widget-container\">\n\t\t\t\t\t\t\t\t\t\t\t\t\t\t\t<img loading=\"lazy\" decoding=\"async\" width=\"300\" height=\"298\" src=\"https:\/\/www.hilaturasjesusrubio.com\/wp-content\/uploads\/2026\/01\/vitapirineus-300x298.png\" class=\"attachment-medium size-medium wp-image-1921\" alt=\"\" srcset=\"https:\/\/www.hilaturasjesusrubio.com\/wp-content\/uploads\/2026\/01\/vitapirineus-300x298.png 300w, https:\/\/www.hilaturasjesusrubio.com\/wp-content\/uploads\/2026\/01\/vitapirineus-150x150.png 150w, https:\/\/www.hilaturasjesusrubio.com\/wp-content\/uploads\/2026\/01\/vitapirineus.png 468w\" sizes=\"(max-width: 300px) 100vw, 300px\" \/>\t\t\t\t\t\t\t\t\t\t\t\t\t\t\t<\/div>\n\t\t\t\t<\/div>\n\t\t\t\t<\/div>\n\t\t<div class=\"elementor-element elementor-element-692bd630 e-con-full e-flex e-con e-child\" data-id=\"692bd630\" data-element_type=\"container\" data-e-type=\"container\">\n\t\t\t\t<div class=\"elementor-element elementor-element-363d0754 elementor-widget elementor-widget-heading\" data-id=\"363d0754\" data-element_type=\"widget\" data-e-type=\"widget\" data-widget_type=\"heading.default\">\n\t\t\t\t<div class=\"elementor-widget-container\">\n\t\t\t\t\t<h2 class=\"elementor-heading-title elementor-size-default\">Vitapirineus<\/h2>\t\t\t\t<\/div>\n\t\t\t\t<\/div>\n\t\t\t\t<div class=\"elementor-element elementor-element-1838e8b5 elementor-widget elementor-widget-text-editor\" data-id=\"1838e8b5\" data-element_type=\"widget\" data-e-type=\"widget\" data-widget_type=\"text-editor.default\">\n\t\t\t\t<div class=\"elementor-widget-container\">\n\t\t\t\t\t\t\t\t\t<p>Col\u00b7laboraci\u00f3 per a <strong>valoritzar la llana del Pirineu catal\u00e0<\/strong> i andorr\u00e0 en productes t\u00e8xtils d&#8217;alta qualitat i baix impacte ambiental.<\/p>\t\t\t\t\t\t\t\t<\/div>\n\t\t\t\t<\/div>\n\t\t\t\t<\/div>\n\t\t\t\t\t<\/div>\n\t\t\t\t<\/div>\n\t\t<div class=\"elementor-element elementor-element-91dd1ac e-flex e-con-boxed e-con e-parent\" data-id=\"91dd1ac\" data-element_type=\"container\" data-e-type=\"container\">\n\t\t\t\t\t<div class=\"e-con-inner\">\n\t\t<div class=\"elementor-element elementor-element-8ddefa3 e-con-full e-flex e-con e-child\" data-id=\"8ddefa3\" data-element_type=\"container\" data-e-type=\"container\">\n\t\t\t\t<div class=\"elementor-element elementor-element-cd3b79a elementor-widget elementor-widget-heading\" data-id=\"cd3b79a\" data-element_type=\"widget\" data-e-type=\"widget\" data-widget_type=\"heading.default\">\n\t\t\t\t<div class=\"elementor-widget-container\">\n\t\t\t\t\t<h2 class=\"elementor-heading-title elementor-size-default\">Rainbow Wool<\/h2>\t\t\t\t<\/div>\n\t\t\t\t<\/div>\n\t\t\t\t<div class=\"elementor-element elementor-element-afc4f5d elementor-widget elementor-widget-text-editor\" data-id=\"afc4f5d\" data-element_type=\"widget\" data-e-type=\"widget\" data-widget_type=\"text-editor.default\">\n\t\t\t\t<div class=\"elementor-widget-container\">\n\t\t\t\t\t\t\t\t\t<p>Iniciativa alemanya que protegeix \u201covelles gais\u201d.<\/p>\t\t\t\t\t\t\t\t<\/div>\n\t\t\t\t<\/div>\n\t\t\t\t<\/div>\n\t\t<div class=\"elementor-element elementor-element-14fe055 e-con-full e-flex e-con e-child\" data-id=\"14fe055\" data-element_type=\"container\" data-e-type=\"container\">\n\t\t\t\t<div class=\"elementor-element elementor-element-8e0e611 elementor-widget elementor-widget-image\" data-id=\"8e0e611\" data-element_type=\"widget\" data-e-type=\"widget\" data-widget_type=\"image.default\">\n\t\t\t\t<div class=\"elementor-widget-container\">\n\t\t\t\t\t\t\t\t\t\t\t\t\t\t\t<img loading=\"lazy\" decoding=\"async\" width=\"300\" height=\"298\" src=\"https:\/\/www.hilaturasjesusrubio.com\/wp-content\/uploads\/2025\/11\/partnership-sociales-300x298.png\" class=\"attachment-medium size-medium wp-image-1922\" alt=\"partnership-sociales\" srcset=\"https:\/\/www.hilaturasjesusrubio.com\/wp-content\/uploads\/2025\/11\/partnership-sociales-300x298.png 300w, https:\/\/www.hilaturasjesusrubio.com\/wp-content\/uploads\/2025\/11\/partnership-sociales-150x150.png 150w, https:\/\/www.hilaturasjesusrubio.com\/wp-content\/uploads\/2025\/11\/partnership-sociales.png 468w\" sizes=\"(max-width: 300px) 100vw, 300px\" \/>\t\t\t\t\t\t\t\t\t\t\t\t\t\t\t<\/div>\n\t\t\t\t<\/div>\n\t\t\t\t<\/div>\n\t\t\t\t\t<\/div>\n\t\t\t\t<\/div>\n\t\t\t\t<\/div>\n\t\t","protected":false},"excerpt":{"rendered":"<p>Projectes Desenvolupem projectes t\u00e8xtils que recuperen materials, activen l&#8217;economia circular i reforcen el vincle entre innovaci\u00f3, territori i producci\u00f3 responsable. [&hellip;]<\/p>\n","protected":false},"author":1,"featured_media":0,"parent":0,"menu_order":0,"comment_status":"closed","ping_status":"closed","template":"","meta":{"site-sidebar-layout":"no-sidebar","site-content-layout":"","ast-site-content-layout":"full-width-container","site-content-style":"default","site-sidebar-style":"default","ast-global-header-display":"","ast-banner-title-visibility":"","ast-main-header-display":"","ast-hfb-above-header-display":"","ast-hfb-below-header-display":"","ast-hfb-mobile-header-display":"","site-post-title":"","ast-breadcrumbs-content":"","ast-featured-img":"disabled","footer-sml-layout":"","ast-disable-related-posts":"","theme-transparent-header-meta":"","adv-header-id-meta":"","stick-header-meta":"","header-above-stick-meta":"","header-main-stick-meta":"","header-below-stick-meta":"","astra-migrate-meta-layouts":"default","ast-page-background-enabled":"default","ast-page-background-meta":{"desktop":{"background-color":"var(--ast-global-color-5)","background-image":"","background-repeat":"repeat","background-position":"center center","background-size":"auto","background-attachment":"scroll","background-type":"","background-media":"","overlay-type":"","overlay-color":"","overlay-opacity":"","overlay-gradient":""},"tablet":{"background-color":"","background-image":"","background-repeat":"repeat","background-position":"center center","background-size":"auto","background-attachment":"scroll","background-type":"","background-media":"","overlay-type":"","overlay-color":"","overlay-opacity":"","overlay-gradient":""},"mobile":{"background-color":"","background-image":"","background-repeat":"repeat","background-position":"center center","background-size":"auto","background-attachment":"scroll","background-type":"","background-media":"","overlay-type":"","overlay-color":"","overlay-opacity":"","overlay-gradient":""}},"ast-content-background-meta":{"desktop":{"background-color":"var(--ast-global-color-4)","background-image":"","background-repeat":"repeat","background-position":"center center","background-size":"auto","background-attachment":"scroll","background-type":"","background-media":"","overlay-type":"","overlay-color":"","overlay-opacity":"","overlay-gradient":""},"tablet":{"background-color":"var(--ast-global-color-4)","background-image":"","background-repeat":"repeat","background-position":"center center","background-size":"auto","background-attachment":"scroll","background-type":"","background-media":"","overlay-type":"","overlay-color":"","overlay-opacity":"","overlay-gradient":""},"mobile":{"background-color":"var(--ast-global-color-4)","background-image":"","background-repeat":"repeat","background-position":"center center","background-size":"auto","background-attachment":"scroll","background-type":"","background-media":"","overlay-type":"","overlay-color":"","overlay-opacity":"","overlay-gradient":""}},"footnotes":""},"class_list":["post-1926","page","type-page","status-publish","hentry"],"_links":{"self":[{"href":"https:\/\/www.hilaturasjesusrubio.com\/ca\/wp-json\/wp\/v2\/pages\/1926","targetHints":{"allow":["GET"]}}],"collection":[{"href":"https:\/\/www.hilaturasjesusrubio.com\/ca\/wp-json\/wp\/v2\/pages"}],"about":[{"href":"https:\/\/www.hilaturasjesusrubio.com\/ca\/wp-json\/wp\/v2\/types\/page"}],"author":[{"embeddable":true,"href":"https:\/\/www.hilaturasjesusrubio.com\/ca\/wp-json\/wp\/v2\/users\/1"}],"replies":[{"embeddable":true,"href":"https:\/\/www.hilaturasjesusrubio.com\/ca\/wp-json\/wp\/v2\/comments?post=1926"}],"version-history":[{"count":0,"href":"https:\/\/www.hilaturasjesusrubio.com\/ca\/wp-json\/wp\/v2\/pages\/1926\/revisions"}],"wp:attachment":[{"href":"https:\/\/www.hilaturasjesusrubio.com\/ca\/wp-json\/wp\/v2\/media?parent=1926"}],"curies":[{"name":"wp","href":"https:\/\/api.w.org\/{rel}","templated":true}]}}