{"id":1923,"date":"2025-10-15T15:46:37","date_gmt":"2025-10-15T15:46:37","guid":{"rendered":"https:\/\/www.hilaturasjesusrubio.com\/sobre-nosotros\/"},"modified":"2026-02-20T09:38:57","modified_gmt":"2026-02-20T09:38:57","slug":"sobre-nosotros","status":"publish","type":"page","link":"https:\/\/www.hilaturasjesusrubio.com\/ca\/sobre-nosotros\/","title":{"rendered":"Sobre nosaltres"},"content":{"rendered":"\t\t<div data-elementor-type=\"wp-page\" data-elementor-id=\"1923\" class=\"elementor elementor-1923 elementor-152\" data-elementor-post-type=\"page\">\n\t\t\t\t<div class=\"elementor-element elementor-element-189c157c e-flex e-con-boxed e-con e-parent\" data-id=\"189c157c\" data-element_type=\"container\" data-e-type=\"container\" data-settings=\"{&quot;background_background&quot;:&quot;classic&quot;}\">\n\t\t\t\t\t<div class=\"e-con-inner\">\n\t\t<div class=\"elementor-element elementor-element-2e5f0b9f e-flex e-con-boxed e-con e-child\" data-id=\"2e5f0b9f\" data-element_type=\"container\" data-e-type=\"container\" data-settings=\"{&quot;background_background&quot;:&quot;classic&quot;}\">\n\t\t\t\t\t<div class=\"e-con-inner\">\n\t\t\t\t<div class=\"elementor-element elementor-element-49a3f0d6 elementor-widget elementor-widget-heading\" data-id=\"49a3f0d6\" data-element_type=\"widget\" data-e-type=\"widget\" data-widget_type=\"heading.default\">\n\t\t\t\t<div class=\"elementor-widget-container\">\n\t\t\t\t\t<h1 class=\"elementor-heading-title elementor-size-default\">Sobre nosaltres<\/h1>\t\t\t\t<\/div>\n\t\t\t\t<\/div>\n\t\t\t\t<div class=\"elementor-element elementor-element-ff77546 elementor-widget__width-initial elementor-widget elementor-widget-text-editor\" data-id=\"ff77546\" data-element_type=\"widget\" data-e-type=\"widget\" data-widget_type=\"text-editor.default\">\n\t\t\t\t<div class=\"elementor-widget-container\">\n\t\t\t\t\t\t\t\t\t<p>Experi\u00e8ncia, comprom\u00eds i un equip qualificat<\/p>\t\t\t\t\t\t\t\t<\/div>\n\t\t\t\t<\/div>\n\t\t\t\t\t<\/div>\n\t\t\t\t<\/div>\n\t\t\t\t\t<\/div>\n\t\t\t\t<\/div>\n\t\t<div class=\"elementor-element elementor-element-2ae0b1c e-con-full e-flex e-con e-parent\" data-id=\"2ae0b1c\" data-element_type=\"container\" data-e-type=\"container\" data-settings=\"{&quot;background_background&quot;:&quot;classic&quot;}\">\n\t\t<div class=\"elementor-element elementor-element-0fdeda6 e-flex e-con-boxed e-con e-child\" data-id=\"0fdeda6\" data-element_type=\"container\" data-e-type=\"container\" data-settings=\"{&quot;background_background&quot;:&quot;classic&quot;}\">\n\t\t\t\t\t<div class=\"e-con-inner\">\n\t\t<div class=\"elementor-element elementor-element-133ca37 e-con-full e-flex e-con e-child\" data-id=\"133ca37\" data-element_type=\"container\" data-e-type=\"container\">\n\t\t\t\t<\/div>\n\t\t<div class=\"elementor-element elementor-element-0baf1ec e-con-full e-flex e-con e-child\" data-id=\"0baf1ec\" data-element_type=\"container\" data-e-type=\"container\">\n\t\t\t\t<div class=\"elementor-element elementor-element-5f0c7480 elementor-widget__width-initial elementor-widget-mobile__width-auto elementor-widget elementor-widget-text-editor\" data-id=\"5f0c7480\" data-element_type=\"widget\" data-e-type=\"widget\" data-widget_type=\"text-editor.default\">\n\t\t\t\t<div class=\"elementor-widget-container\">\n\t\t\t\t\t\t\t\t\t<p>M\u00e9s de 50 anys filant hist\u00f2ries.<\/p>\t\t\t\t\t\t\t\t<\/div>\n\t\t\t\t<\/div>\n\t\t\t\t<\/div>\n\t\t<div class=\"elementor-element elementor-element-5460306 e-con-full e-flex e-con e-child\" data-id=\"5460306\" data-element_type=\"container\" data-e-type=\"container\">\n\t\t\t\t<div class=\"elementor-element elementor-element-5665a69 elementor-widget__width-initial elementor-widget-mobile__width-auto elementor-widget elementor-widget-text-editor\" data-id=\"5665a69\" data-element_type=\"widget\" data-e-type=\"widget\" data-widget_type=\"text-editor.default\">\n\t\t\t\t<div class=\"elementor-widget-container\">\n\t\t\t\t\t\t\t\t\t<p>A <strong>Hilaturas Jes\u00fas Rubio<\/strong>, fa m\u00e9s de 50 anys que filem hist\u00f2ries. Dirigida per la segona generaci\u00f3 familiar, manufacturamos i filem tant per a teixit pla com per a g\u00e8nere de punt, fils 100% de llana i mescles, fibres naturals, fibres animals, fibres vegetals (cot\u00f3, lli, jute, pinya, \u2026), fibres sint\u00e8tiques i artificials (viscosa, tencel). <\/p>\t\t\t\t\t\t\t\t<\/div>\n\t\t\t\t<\/div>\n\t\t\t\t<\/div>\n\t\t\t\t\t<\/div>\n\t\t\t\t<\/div>\n\t\t\t\t<\/div>\n\t\t<div class=\"elementor-element elementor-element-33416dd2 e-flex e-con-boxed e-con e-parent\" data-id=\"33416dd2\" data-element_type=\"container\" data-e-type=\"container\">\n\t\t\t\t\t<div class=\"e-con-inner\">\n\t\t<div class=\"elementor-element elementor-element-4c76debe e-con-full e-flex e-con e-child\" data-id=\"4c76debe\" data-element_type=\"container\" data-e-type=\"container\">\n\t\t\t\t<div class=\"elementor-element elementor-element-66aa5c7c elementor-widget elementor-widget-image\" data-id=\"66aa5c7c\" data-element_type=\"widget\" data-e-type=\"widget\" data-widget_type=\"image.default\">\n\t\t\t\t<div class=\"elementor-widget-container\">\n\t\t\t\t\t\t\t\t\t\t\t\t\t\t\t<img fetchpriority=\"high\" decoding=\"async\" width=\"1024\" height=\"437\" src=\"https:\/\/www.hilaturasjesusrubio.com\/wp-content\/uploads\/2025\/10\/fabricacion-de-hilos-1024x437.jpg\" class=\"attachment-large size-large wp-image-1914\" alt=\"fabricacio\u0301-de-hilos\" srcset=\"https:\/\/www.hilaturasjesusrubio.com\/wp-content\/uploads\/2025\/10\/fabricacion-de-hilos-1024x437.jpg 1024w, https:\/\/www.hilaturasjesusrubio.com\/wp-content\/uploads\/2025\/10\/fabricacion-de-hilos-300x128.jpg 300w, https:\/\/www.hilaturasjesusrubio.com\/wp-content\/uploads\/2025\/10\/fabricacion-de-hilos-768x328.jpg 768w, https:\/\/www.hilaturasjesusrubio.com\/wp-content\/uploads\/2025\/10\/fabricacion-de-hilos.jpg 1431w\" sizes=\"(max-width: 1024px) 100vw, 1024px\" \/>\t\t\t\t\t\t\t\t\t\t\t\t\t\t\t<\/div>\n\t\t\t\t<\/div>\n\t\t\t\t<\/div>\n\t\t\t\t\t<\/div>\n\t\t\t\t<\/div>\n\t\t<div class=\"elementor-element elementor-element-56a67f8 e-flex e-con-boxed e-con e-parent\" data-id=\"56a67f8\" data-element_type=\"container\" data-e-type=\"container\" data-settings=\"{&quot;background_background&quot;:&quot;classic&quot;}\">\n\t\t\t\t\t<div class=\"e-con-inner\">\n\t\t<div class=\"elementor-element elementor-element-d5ca897 e-con-full e-flex e-con e-child\" data-id=\"d5ca897\" data-element_type=\"container\" data-e-type=\"container\" data-settings=\"{&quot;background_background&quot;:&quot;classic&quot;}\">\n\t\t<div class=\"elementor-element elementor-element-3e63617 e-con-full e-flex e-con e-child\" data-id=\"3e63617\" data-element_type=\"container\" data-e-type=\"container\">\n\t\t\t\t<\/div>\n\t\t<div class=\"elementor-element elementor-element-912c98f e-con-full e-flex e-con e-child\" data-id=\"912c98f\" data-element_type=\"container\" data-e-type=\"container\">\n\t\t\t\t<div class=\"elementor-element elementor-element-2714ed1 elementor-widget elementor-widget-text-editor\" data-id=\"2714ed1\" data-element_type=\"widget\" data-e-type=\"widget\" data-widget_type=\"text-editor.default\">\n\t\t\t\t<div class=\"elementor-widget-container\">\n\t\t\t\t\t\t\t\t\t<p>Si alguna cosa identifica la nostra empresa, \u00e9s la fabricaci\u00f3 de fils regenerats, amb fibres reciclades, pre i postconsumer. Compromesos amb el medi ambient i el desenvolupament sostenible aposten per R+D i en l&#8217;economia circular com a model d&#8217;innovaci\u00f3 transversal, utilitzant residus o deixalles d&#8217;altres processos de la ind\u00fastria t\u00e8xtil. <\/p>\t\t\t\t\t\t\t\t<\/div>\n\t\t\t\t<\/div>\n\t\t\t\t<\/div>\n\t\t<div class=\"elementor-element elementor-element-0b27897 e-con-full e-flex e-con e-child\" data-id=\"0b27897\" data-element_type=\"container\" data-e-type=\"container\">\n\t\t\t\t<div class=\"elementor-element elementor-element-f7793bb elementor-widget elementor-widget-text-editor\" data-id=\"f7793bb\" data-element_type=\"widget\" data-e-type=\"widget\" data-widget_type=\"text-editor.default\">\n\t\t\t\t<div class=\"elementor-widget-container\">\n\t\t\t\t\t\t\t\t\t<p>A Hilaturas Jes\u00fas Rubio hem aconseguit implementar una producci\u00f3 circular basada en la revaloritzaci\u00f3 de residus t\u00e8xtils postconsum, procedents de contenidors de recollida selectiva gestionats per <strong>Formaci\u00f3 i Treball. (Projecte Retexcat)<\/strong>.<\/p><p>Aquest residu, que habitualment acabaria com a rebuig, est\u00e0 sotm\u00e8s a un proc\u00e9s de classificaci\u00f3, desfibraci\u00f3 i barreja amb llana preconsum, per donar lloc a un fil regenerat de qualitat apte per a la moda sostenible i el t\u00e8xtil de la llar. Cada un dels lots produ\u00efts \u00e9s \u00fanic, adaptant-se a la disponibilitat i caracter\u00edstiques de la mat\u00e8ria primera. <\/p>\t\t\t\t\t\t\t\t<\/div>\n\t\t\t\t<\/div>\n\t\t\t\t<\/div>\n\t\t\t\t<\/div>\n\t\t\t\t\t<\/div>\n\t\t\t\t<\/div>\n\t\t<div class=\"elementor-element elementor-element-f740678 e-flex e-con-boxed e-con e-parent\" data-id=\"f740678\" data-element_type=\"container\" data-e-type=\"container\" data-settings=\"{&quot;background_background&quot;:&quot;classic&quot;}\">\n\t\t\t\t\t<div class=\"e-con-inner\">\n\t\t<div class=\"elementor-element elementor-element-1ff4881 e-con-full e-flex e-con e-child\" data-id=\"1ff4881\" data-element_type=\"container\" data-e-type=\"container\" data-settings=\"{&quot;background_background&quot;:&quot;classic&quot;}\">\n\t\t<div class=\"elementor-element elementor-element-d7e21e7 e-con-full e-flex e-con e-child\" data-id=\"d7e21e7\" data-element_type=\"container\" data-e-type=\"container\">\n\t\t\t\t<\/div>\n\t\t<div class=\"elementor-element elementor-element-4cf326f e-con-full e-flex e-con e-child\" data-id=\"4cf326f\" data-element_type=\"container\" data-e-type=\"container\">\n\t\t\t\t<div class=\"elementor-element elementor-element-aef2054 elementor-widget elementor-widget-image\" data-id=\"aef2054\" data-element_type=\"widget\" data-e-type=\"widget\" data-widget_type=\"image.default\">\n\t\t\t\t<div class=\"elementor-widget-container\">\n\t\t\t\t\t\t\t\t\t\t\t\t\t\t\t<img decoding=\"async\" width=\"1024\" height=\"713\" src=\"https:\/\/www.hilaturasjesusrubio.com\/wp-content\/uploads\/2025\/10\/sobre-hilaturas-rubio-1024x713.jpg\" class=\"attachment-large size-large wp-image-1915\" alt=\"\" srcset=\"https:\/\/www.hilaturasjesusrubio.com\/wp-content\/uploads\/2025\/10\/sobre-hilaturas-rubio-1024x713.jpg 1024w, https:\/\/www.hilaturasjesusrubio.com\/wp-content\/uploads\/2025\/10\/sobre-hilaturas-rubio-300x209.jpg 300w, https:\/\/www.hilaturasjesusrubio.com\/wp-content\/uploads\/2025\/10\/sobre-hilaturas-rubio-768x535.jpg 768w, https:\/\/www.hilaturasjesusrubio.com\/wp-content\/uploads\/2025\/10\/sobre-hilaturas-rubio.jpg 1063w\" sizes=\"(max-width: 1024px) 100vw, 1024px\" \/>\t\t\t\t\t\t\t\t\t\t\t\t\t\t\t<\/div>\n\t\t\t\t<\/div>\n\t\t\t\t<\/div>\n\t\t\t\t<\/div>\n\t\t\t\t\t<\/div>\n\t\t\t\t<\/div>\n\t\t<div class=\"elementor-element elementor-element-3437a51 e-flex e-con-boxed e-con e-parent\" data-id=\"3437a51\" data-element_type=\"container\" data-e-type=\"container\" data-settings=\"{&quot;background_background&quot;:&quot;classic&quot;}\">\n\t\t\t\t\t<div class=\"e-con-inner\">\n\t\t<div class=\"elementor-element elementor-element-3318bf2 e-con-full e-flex e-con e-child\" data-id=\"3318bf2\" data-element_type=\"container\" data-e-type=\"container\" data-settings=\"{&quot;background_background&quot;:&quot;classic&quot;}\">\n\t\t<div class=\"elementor-element elementor-element-bed7b97 e-con-full e-flex e-con e-child\" data-id=\"bed7b97\" data-element_type=\"container\" data-e-type=\"container\">\n\t\t\t\t<div class=\"elementor-element elementor-element-3ffeaab1 elementor-widget elementor-widget-heading\" data-id=\"3ffeaab1\" data-element_type=\"widget\" data-e-type=\"widget\" data-widget_type=\"heading.default\">\n\t\t\t\t<div class=\"elementor-widget-container\">\n\t\t\t\t\t<h2 class=\"elementor-heading-title elementor-size-default\">Impactes positius\nde la pr\u00e0ctica<\/h2>\t\t\t\t<\/div>\n\t\t\t\t<\/div>\n\t\t\t\t<\/div>\n\t\t<div class=\"elementor-element elementor-element-53e7adb e-con-full e-flex e-con e-child\" data-id=\"53e7adb\" data-element_type=\"container\" data-e-type=\"container\">\n\t\t\t\t<div class=\"elementor-element elementor-element-8203b0c elementor-widget elementor-widget-text-editor\" data-id=\"8203b0c\" data-element_type=\"widget\" data-e-type=\"widget\" data-widget_type=\"text-editor.default\">\n\t\t\t\t<div class=\"elementor-widget-container\">\n\t\t\t\t\t\t\t\t\t<p><strong>Reducci\u00f3 de residus t\u00e8xtils: recuperaci\u00f3 de residu postconsum.<\/strong><br>Es reutilitzen teixits ja usats i s&#8217;evita que acabin a l&#8217;abocador o incineraci\u00f3. \u00c9s una de les vies amb menys impacte ambiental, segons l&#8217;Ag\u00e8ncia Europea de Medi Ambient. <\/p><p><strong>Estalvi de recursos naturals: menys consum d&#8217;aigua, energia i mat\u00e8ries verges.<\/strong><br>L&#8217;\u00fas de material existent redueix de forma directa el consum d&#8217;aigua i energia respecte a la producci\u00f3 t\u00e8xtil convencional, segons WWF.<\/p><p><strong>Producci\u00f3 de lots exclusius: cada partida \u00e9s \u00fanica i afegeix valor a col\u00b7leccions c\u00e0psula.<\/strong><br>La variabilitat del material recuperat permet crear edicions limitades amb m\u00e9s valor percebut.<\/p><p><strong>Inclusi\u00f3 social: es treballa en col\u00b7laboraci\u00f3 amb entitats del tercer sector.<\/strong><br>La col\u00b7laboraci\u00f3 amb organitzacions socials genera ocupaci\u00f3 i afavoreix la inserci\u00f3 laboral de col\u00b7lectius en risc.<\/p>\t\t\t\t\t\t\t\t<\/div>\n\t\t\t\t<\/div>\n\t\t\t\t<\/div>\n\t\t<div class=\"elementor-element elementor-element-af1a113 e-con-full e-flex e-con e-child\" data-id=\"af1a113\" data-element_type=\"container\" data-e-type=\"container\">\n\t\t\t\t<div class=\"elementor-element elementor-element-b2b7c64 elementor-widget elementor-widget-image\" data-id=\"b2b7c64\" data-element_type=\"widget\" data-e-type=\"widget\" data-widget_type=\"image.default\">\n\t\t\t\t<div class=\"elementor-widget-container\">\n\t\t\t\t\t\t\t\t\t\t\t\t\t\t\t<img decoding=\"async\" width=\"438\" height=\"696\" src=\"https:\/\/www.hilaturasjesusrubio.com\/wp-content\/uploads\/2025\/10\/impactos-positivos.jpg\" class=\"attachment-large size-large wp-image-1916\" alt=\"\" srcset=\"https:\/\/www.hilaturasjesusrubio.com\/wp-content\/uploads\/2025\/10\/impactos-positivos.jpg 438w, https:\/\/www.hilaturasjesusrubio.com\/wp-content\/uploads\/2025\/10\/impactos-positivos-189x300.jpg 189w\" sizes=\"(max-width: 438px) 100vw, 438px\" \/>\t\t\t\t\t\t\t\t\t\t\t\t\t\t\t<\/div>\n\t\t\t\t<\/div>\n\t\t\t\t<\/div>\n\t\t\t\t<\/div>\n\t\t\t\t\t<\/div>\n\t\t\t\t<\/div>\n\t\t<div class=\"elementor-element elementor-element-24ec80e e-flex e-con-boxed e-con e-parent\" data-id=\"24ec80e\" data-element_type=\"container\" data-e-type=\"container\" data-settings=\"{&quot;background_background&quot;:&quot;classic&quot;}\">\n\t\t\t\t\t<div class=\"e-con-inner\">\n\t\t<div class=\"elementor-element elementor-element-3b05a6d e-con-full e-flex e-con e-child\" data-id=\"3b05a6d\" data-element_type=\"container\" data-e-type=\"container\" data-settings=\"{&quot;background_background&quot;:&quot;classic&quot;}\">\n\t\t<div class=\"elementor-element elementor-element-ca2759a e-con-full e-flex e-con e-child\" data-id=\"ca2759a\" data-element_type=\"container\" data-e-type=\"container\">\n\t\t\t\t<div class=\"elementor-element elementor-element-eb1c40e elementor-widget elementor-widget-heading\" data-id=\"eb1c40e\" data-element_type=\"widget\" data-e-type=\"widget\" data-widget_type=\"heading.default\">\n\t\t\t\t<div class=\"elementor-widget-container\">\n\t\t\t\t\t<h2 class=\"elementor-heading-title elementor-size-default\">Altres bones pr\u00e0ctiques\ncomplement\u00e0ries<\/h2>\t\t\t\t<\/div>\n\t\t\t\t<\/div>\n\t\t\t\t<\/div>\n\t\t<div class=\"elementor-element elementor-element-54cc0d4 e-con-full e-flex e-con e-child\" data-id=\"54cc0d4\" data-element_type=\"container\" data-e-type=\"container\">\n\t\t\t\t<div class=\"elementor-element elementor-element-2ed6d72 elementor-widget elementor-widget-text-editor\" data-id=\"2ed6d72\" data-element_type=\"widget\" data-e-type=\"widget\" data-widget_type=\"text-editor.default\">\n\t\t\t\t<div class=\"elementor-widget-container\">\n\t\t\t\t\t\t\t\t\t<h3>Aliances amb dissenyadors i marques sostenibles.<\/h3><p>Col\u00b7laboraci\u00f3 amb <strong>Sylvia Calvo BCN<\/strong>. Desenvolupament del projecte <strong>Re-Yut-Cel<\/strong>, que reutilitza sacs de caf\u00e8 de jute per crear peces de moda sostenibles, reconegut amb el <a href=\"https:\/\/www.gp-award.com\/en\/blog\/posts\/fashion-award-ceremony-2023\" target=\"_blank\" rel=\"noopener\"><strong>Green Product Award Fashion 2023<\/strong><\/a>. <\/p><p>El 2022 s&#8217;establia un conveni, encara vigent, amb l&#8217;<strong>Associaci\u00f3 de pastors del Ripoll\u00e8s<\/strong>, conformada per 14 pastors, per a l&#8217;adquisici\u00f3 de la llana i d&#8217;aquesta manera fer un producte 100% llana ripollesa, \u00e9s a dir, producte local, de proximitat i economia circular.<\/p><p><strong>Certificaci\u00f3 GRS (Global Recycled Standard).<\/strong>  Garantia de tra\u00e7abilitat i sostenibilitat en els processos de producci\u00f3, assegurant l&#8217;\u00fas de materials reciclats i pr\u00e0ctiques responsables<\/p><p><strong>Certificat RWS.<\/strong>  Comprom\u00eds amb la responsabilitat ambiental i el benestar animal durant tot el proc\u00e9s de producci\u00f3 de llana.<\/p><p>El projecte de circularitat d&#8217;Hilaturas Rubio no est\u00e0 a\u00efllat. \u00c9s social, industrial, mediambiental i busca la sensibilitzaci\u00f3 i la comunicaci\u00f3. Participaci\u00f3 activa en xarxes i iniciatives d&#8217;economia circular, aix\u00ed com projectes finan\u00e7ats per l\u00ednies europees i auton\u00f2miques.  <\/p><p>Processos de fabricaci\u00f3 residu zero. Durant el proc\u00e9s productiu, es procura recuperar el m\u00e0xim residu. I aquest torna a ser utilitzat per al mateix proc\u00e9s productiu o per a un de nou. <\/p>\t\t\t\t\t\t\t\t<\/div>\n\t\t\t\t<\/div>\n\t\t\t\t<\/div>\n\t\t<div class=\"elementor-element elementor-element-3a67b6d e-con-full e-flex e-con e-child\" data-id=\"3a67b6d\" data-element_type=\"container\" data-e-type=\"container\">\n\t\t\t\t<div class=\"elementor-element elementor-element-a279b46 elementor-widget elementor-widget-text-editor\" data-id=\"a279b46\" data-element_type=\"widget\" data-e-type=\"widget\" data-widget_type=\"text-editor.default\">\n\t\t\t\t<div class=\"elementor-widget-container\">\n\t\t\t\t\t\t\t\t\t<p><strong>Sostenibilitat.<\/strong> L&#8217;\u00fas dels residus d&#8217;altres empreses permet minimitzar malbaratament i per tant reduir l&#8217;impacte ambiental.<br> <br>Tra\u00e7abilitat i control de qualitat. Seguiment exhaustiu de la tra\u00e7abilitat dels materials i implementaci\u00f3 de processos de control de qualitat per garantir la sostenibilitat i efici\u00e8ncia en la producci\u00f3<strong>.<br> <br>Simbiosi industria<\/strong>l. Col\u00b7laboraci\u00f3 constant, compartint coneixements i experi\u00e8ncies per promoure pr\u00e0ctiques sostenibles a la ind\u00fastria t\u00e8xtil.<\/p><p><img loading=\"lazy\" decoding=\"async\" class=\"alignnone wp-image-1446 size-full\" src=\"https:\/\/www.hilaturasjesusrubio.com\/wp-content\/uploads\/2026\/01\/equipo.jpg\" alt=\"\" width=\"469\" height=\"460\" srcset=\"https:\/\/www.hilaturasjesusrubio.com\/wp-content\/uploads\/2026\/01\/equipo.jpg 469w, https:\/\/www.hilaturasjesusrubio.com\/wp-content\/uploads\/2026\/01\/equipo-300x294.jpg 300w\" sizes=\"(max-width: 469px) 100vw, 469px\" \/><\/p><p>Treballem per partides \u00faniques, segons el tipus de residu i el color disponible. Cada fil \u00e9s \u00fanic. Cada color prov\u00e9 d&#8217;una hist\u00f2ria.  <\/p><p>Aix\u00f2 permet una tra\u00e7abilitat completa, des del residu original fins al fil acabat.<\/p>\t\t\t\t\t\t\t\t<\/div>\n\t\t\t\t<\/div>\n\t\t\t\t<\/div>\n\t\t\t\t<\/div>\n\t\t\t\t\t<\/div>\n\t\t\t\t<\/div>\n\t\t<div class=\"elementor-element elementor-element-1e3ea9ad e-flex e-con-boxed e-con e-parent\" data-id=\"1e3ea9ad\" data-element_type=\"container\" data-e-type=\"container\">\n\t\t\t\t\t<div class=\"e-con-inner\">\n\t\t<div class=\"elementor-element elementor-element-15940e55 e-con-full e-flex e-con e-child\" data-id=\"15940e55\" data-element_type=\"container\" data-e-type=\"container\">\n\t\t\t\t<div class=\"elementor-element elementor-element-6a1d0d1 elementor-widget__width-initial elementor-widget elementor-widget-heading\" data-id=\"6a1d0d1\" data-element_type=\"widget\" data-e-type=\"widget\" data-widget_type=\"heading.default\">\n\t\t\t\t<div class=\"elementor-widget-container\">\n\t\t\t\t\t<h2 class=\"elementor-heading-title elementor-size-default\">El veritable valor d'un producte est\u00e0 <strong>en la seva qualitat, el seu origen\ni el sentit<\/strong> que transmet.<\/h2>\t\t\t\t<\/div>\n\t\t\t\t<\/div>\n\t\t\t\t<\/div>\n\t\t\t\t\t<\/div>\n\t\t\t\t<\/div>\n\t\t\t\t<\/div>\n\t\t","protected":false},"excerpt":{"rendered":"<p>Sobre nosaltres Experi\u00e8ncia, comprom\u00eds i un equip qualificat M\u00e9s de 50 anys filant hist\u00f2ries. A Hilaturas Jes\u00fas Rubio, fa m\u00e9s [&hellip;]<\/p>\n","protected":false},"author":1,"featured_media":0,"parent":0,"menu_order":0,"comment_status":"closed","ping_status":"closed","template":"","meta":{"site-sidebar-layout":"no-sidebar","site-content-layout":"","ast-site-content-layout":"full-width-container","site-content-style":"default","site-sidebar-style":"default","ast-global-header-display":"","ast-banner-title-visibility":"","ast-main-header-display":"","ast-hfb-above-header-display":"","ast-hfb-below-header-display":"","ast-hfb-mobile-header-display":"","site-post-title":"","ast-breadcrumbs-content":"","ast-featured-img":"disabled","footer-sml-layout":"","ast-disable-related-posts":"","theme-transparent-header-meta":"","adv-header-id-meta":"","stick-header-meta":"","header-above-stick-meta":"","header-main-stick-meta":"","header-below-stick-meta":"","astra-migrate-meta-layouts":"default","ast-page-background-enabled":"default","ast-page-background-meta":{"desktop":{"background-color":"var(--ast-global-color-5)","background-image":"","background-repeat":"repeat","background-position":"center center","background-size":"auto","background-attachment":"scroll","background-type":"","background-media":"","overlay-type":"","overlay-color":"","overlay-opacity":"","overlay-gradient":""},"tablet":{"background-color":"","background-image":"","background-repeat":"repeat","background-position":"center center","background-size":"auto","background-attachment":"scroll","background-type":"","background-media":"","overlay-type":"","overlay-color":"","overlay-opacity":"","overlay-gradient":""},"mobile":{"background-color":"","background-image":"","background-repeat":"repeat","background-position":"center center","background-size":"auto","background-attachment":"scroll","background-type":"","background-media":"","overlay-type":"","overlay-color":"","overlay-opacity":"","overlay-gradient":""}},"ast-content-background-meta":{"desktop":{"background-color":"var(--ast-global-color-4)","background-image":"","background-repeat":"repeat","background-position":"center center","background-size":"auto","background-attachment":"scroll","background-type":"","background-media":"","overlay-type":"","overlay-color":"","overlay-opacity":"","overlay-gradient":""},"tablet":{"background-color":"var(--ast-global-color-4)","background-image":"","background-repeat":"repeat","background-position":"center center","background-size":"auto","background-attachment":"scroll","background-type":"","background-media":"","overlay-type":"","overlay-color":"","overlay-opacity":"","overlay-gradient":""},"mobile":{"background-color":"var(--ast-global-color-4)","background-image":"","background-repeat":"repeat","background-position":"center center","background-size":"auto","background-attachment":"scroll","background-type":"","background-media":"","overlay-type":"","overlay-color":"","overlay-opacity":"","overlay-gradient":""}},"footnotes":""},"class_list":["post-1923","page","type-page","status-publish","hentry"],"_links":{"self":[{"href":"https:\/\/www.hilaturasjesusrubio.com\/ca\/wp-json\/wp\/v2\/pages\/1923","targetHints":{"allow":["GET"]}}],"collection":[{"href":"https:\/\/www.hilaturasjesusrubio.com\/ca\/wp-json\/wp\/v2\/pages"}],"about":[{"href":"https:\/\/www.hilaturasjesusrubio.com\/ca\/wp-json\/wp\/v2\/types\/page"}],"author":[{"embeddable":true,"href":"https:\/\/www.hilaturasjesusrubio.com\/ca\/wp-json\/wp\/v2\/users\/1"}],"replies":[{"embeddable":true,"href":"https:\/\/www.hilaturasjesusrubio.com\/ca\/wp-json\/wp\/v2\/comments?post=1923"}],"version-history":[{"count":0,"href":"https:\/\/www.hilaturasjesusrubio.com\/ca\/wp-json\/wp\/v2\/pages\/1923\/revisions"}],"wp:attachment":[{"href":"https:\/\/www.hilaturasjesusrubio.com\/ca\/wp-json\/wp\/v2\/media?parent=1923"}],"curies":[{"name":"wp","href":"https:\/\/api.w.org\/{rel}","templated":true}]}}